{"id":26851,"date":"2024-03-11T12:18:12","date_gmt":"2024-03-11T11:18:12","guid":{"rendered":"https:\/\/www.promotio.sk\/shop\/nezaraden\u00e9\/hilton\/"},"modified":"2024-03-11T12:21:19","modified_gmt":"2024-03-11T11:21:19","slug":"hilton","status":"publish","type":"product","link":"https:\/\/www.promotio.sk\/sk\/shop\/promo-clothing\/pant_c\/hilton\/","title":{"rendered":"HILTON"},"content":{"rendered":"<p>Priliehav\u00e9 dlh\u00e9 nohavice pre \u017eeny z pohodlnej a odolnej l\u00e1tky.<br \/>\n\u00b7 Dve bo\u010dn\u00e9 vreck\u00e1 s mal\u00fdm vreckom na mince.<br \/>\n\u00b7 Dve zadn\u00e9 vreck\u00e1 s ozdobn\u00fdm \u0161vom.<br \/>\n\u00b7 P\u00fatka na opasok.<br \/>\n\u00b7 Ide\u00e1lne pre pracovn\u00e9 odevy a potravin\u00e1rsky sektor.<br \/>\n\u00b7 Detail sedla v d\u017e\u00ednsovom \u0161t\u00fdle. <br \/>Zlo\u017eenie: 97% bavlna \/ 3% elastan, 280 gsm.<br \/><img decoding=\"async\" src=\"https:\/\/static.gorfactory.es\/pics\/measures\/PA_MU.jpg\"><\/p>","protected":false},"excerpt":{"rendered":"<p>Fitted long trousers for women in comfortable and resistant fabric. \u00b7 Two side pockets with a small pocket for coins.<\/p>","protected":false},"featured_media":26852,"comment_status":"open","ping_status":"closed","template":"","meta":[],"product_cat":[515],"product_tag":[],"class_list":{"0":"post-26851","1":"product","2":"type-product","3":"status-publish","4":"has-post-thumbnail","6":"product_cat-pant_c","8":"first","9":"instock","10":"shipping-taxable","11":"purchasable","12":"product-type-variable"},"_links":{"self":[{"href":"https:\/\/www.promotio.sk\/sk\/wp-json\/wp\/v2\/product\/26851","targetHints":{"allow":["GET"]}}],"collection":[{"href":"https:\/\/www.promotio.sk\/sk\/wp-json\/wp\/v2\/product"}],"about":[{"href":"https:\/\/www.promotio.sk\/sk\/wp-json\/wp\/v2\/types\/product"}],"replies":[{"embeddable":true,"href":"https:\/\/www.promotio.sk\/sk\/wp-json\/wp\/v2\/comments?post=26851"}],"wp:featuredmedia":[{"embeddable":true,"href":"https:\/\/www.promotio.sk\/sk\/wp-json\/wp\/v2\/media\/26852"}],"wp:attachment":[{"href":"https:\/\/www.promotio.sk\/sk\/wp-json\/wp\/v2\/media?parent=26851"}],"wp:term":[{"taxonomy":"product_cat","embeddable":true,"href":"https:\/\/www.promotio.sk\/sk\/wp-json\/wp\/v2\/product_cat?post=26851"},{"taxonomy":"product_tag","embeddable":true,"href":"https:\/\/www.promotio.sk\/sk\/wp-json\/wp\/v2\/product_tag?post=26851"}],"curies":[{"name":"wp","href":"https:\/\/api.w.org\/{rel}","templated":true}]}}