{"id":26794,"date":"2024-03-11T12:13:12","date_gmt":"2024-03-11T11:13:12","guid":{"rendered":"https:\/\/www.promotio.sk\/shop\/nezaraden\u00e9\/brock-woman\/"},"modified":"2024-03-11T12:14:53","modified_gmt":"2024-03-11T11:14:53","slug":"brock-woman","status":"publish","type":"product","link":"https:\/\/www.promotio.sk\/sk\/shop\/promo-clothing\/pant_c\/brock-woman\/","title":{"rendered":"BROCK WOMAN"},"content":{"rendered":"<p>D\u017e\u00ednsy pre \u017eeny.<br \/>\n\u00b7 Pravideln\u00fd strih a stredn\u00fd vzrast.<br \/>\n\u00b7 P\u00e1s s 5 slu\u010dkami.<br \/>\n\u00b7 Fly s kovov\u00fdm zipsom.<br \/>\n\u00b7 Dve predn\u00e9 vreck\u00e1 a vrecko na mince.<br \/>\n\u00b7 Dve zadn\u00e9 vreck\u00e1.<br \/>\n\u00b7 Polopriliehav\u00fd strih z elastickej l\u00e1tky.<br \/>\n<br \/>Zlo\u017eenie: 78% bavlna \/ 20% polyester \/ 2% elastan, 370 gsm.<br \/>Pozn\u00e1mky: *Etiketa je odn\u00edmate\u013en\u00e1<br \/><img decoding=\"async\" src=\"https:\/\/static.gorfactory.es\/pics\/measures\/PA_MU.jpg\"><\/p>","protected":false},"excerpt":{"rendered":"<p>Jeans for women. \u00b7 Regular fit and mid-rise. \u00b7 Waistband with 5 loops. \u00b7 Fly with metal zip. \u00b7 Two<\/p>","protected":false},"featured_media":26795,"comment_status":"open","ping_status":"closed","template":"","meta":[],"product_cat":[515],"product_tag":[],"class_list":{"0":"post-26794","1":"product","2":"type-product","3":"status-publish","4":"has-post-thumbnail","6":"product_cat-pant_c","8":"first","9":"instock","10":"shipping-taxable","11":"purchasable","12":"product-type-variable"},"_links":{"self":[{"href":"https:\/\/www.promotio.sk\/sk\/wp-json\/wp\/v2\/product\/26794","targetHints":{"allow":["GET"]}}],"collection":[{"href":"https:\/\/www.promotio.sk\/sk\/wp-json\/wp\/v2\/product"}],"about":[{"href":"https:\/\/www.promotio.sk\/sk\/wp-json\/wp\/v2\/types\/product"}],"replies":[{"embeddable":true,"href":"https:\/\/www.promotio.sk\/sk\/wp-json\/wp\/v2\/comments?post=26794"}],"wp:featuredmedia":[{"embeddable":true,"href":"https:\/\/www.promotio.sk\/sk\/wp-json\/wp\/v2\/media\/26795"}],"wp:attachment":[{"href":"https:\/\/www.promotio.sk\/sk\/wp-json\/wp\/v2\/media?parent=26794"}],"wp:term":[{"taxonomy":"product_cat","embeddable":true,"href":"https:\/\/www.promotio.sk\/sk\/wp-json\/wp\/v2\/product_cat?post=26794"},{"taxonomy":"product_tag","embeddable":true,"href":"https:\/\/www.promotio.sk\/sk\/wp-json\/wp\/v2\/product_tag?post=26794"}],"curies":[{"name":"wp","href":"https:\/\/api.w.org\/{rel}","templated":true}]}}