{"id":26747,"date":"2024-03-11T12:08:51","date_gmt":"2024-03-11T11:08:51","guid":{"rendered":"https:\/\/www.promotio.sk\/shop\/nezaraden\u00e9\/larisa\/"},"modified":"2024-03-11T12:10:59","modified_gmt":"2024-03-11T11:10:59","slug":"larisa","status":"publish","type":"product","link":"https:\/\/www.promotio.sk\/sk\/shop\/promo-clothing\/pant_c\/larisa\/","title":{"rendered":"LARISA"},"content":{"rendered":"<p>D\u00e1mske nohavice zo stre\u010dovej l\u00e1tky.<br \/>\n\u00b7 Vzadu v p\u00e1se na elastick\u00fa \u0161n\u00farku.<br \/>\n\u00b7 Predn\u00e9 z\u00e1hyby.<br \/>\n\u00b7 Dve predn\u00e9 vreck\u00e1.<br \/>\n\u00b7 Dve zadn\u00e9 vreck\u00e1 s gomb\u00edkom.<br \/>Zlo\u017eenie: 65% visk\u00f3za \/ 31% polyamid \/ 4% elastan, 325 gsm<br \/>Pozn\u00e1mky: *Etiketa je odn\u00edmate\u013en\u00e1<br \/><img decoding=\"async\" src=\"https:\/\/static.gorfactory.es\/pics\/measures\/PA_MU.jpg\"><\/p>","protected":false},"excerpt":{"rendered":"<p>Women&#8217;s trousers in stretch fabric. \u00b7 Elasticated drawstring waistband at the back. \u00b7 Front pleats. \u00b7 Two front pockets. \u00b7<\/p>","protected":false},"featured_media":26748,"comment_status":"open","ping_status":"closed","template":"","meta":[],"product_cat":[515],"product_tag":[],"class_list":{"0":"post-26747","1":"product","2":"type-product","3":"status-publish","4":"has-post-thumbnail","6":"product_cat-pant_c","8":"first","9":"instock","10":"shipping-taxable","11":"purchasable","12":"product-type-variable"},"_links":{"self":[{"href":"https:\/\/www.promotio.sk\/sk\/wp-json\/wp\/v2\/product\/26747","targetHints":{"allow":["GET"]}}],"collection":[{"href":"https:\/\/www.promotio.sk\/sk\/wp-json\/wp\/v2\/product"}],"about":[{"href":"https:\/\/www.promotio.sk\/sk\/wp-json\/wp\/v2\/types\/product"}],"replies":[{"embeddable":true,"href":"https:\/\/www.promotio.sk\/sk\/wp-json\/wp\/v2\/comments?post=26747"}],"wp:featuredmedia":[{"embeddable":true,"href":"https:\/\/www.promotio.sk\/sk\/wp-json\/wp\/v2\/media\/26748"}],"wp:attachment":[{"href":"https:\/\/www.promotio.sk\/sk\/wp-json\/wp\/v2\/media?parent=26747"}],"wp:term":[{"taxonomy":"product_cat","embeddable":true,"href":"https:\/\/www.promotio.sk\/sk\/wp-json\/wp\/v2\/product_cat?post=26747"},{"taxonomy":"product_tag","embeddable":true,"href":"https:\/\/www.promotio.sk\/sk\/wp-json\/wp\/v2\/product_tag?post=26747"}],"curies":[{"name":"wp","href":"https:\/\/api.w.org\/{rel}","templated":true}]}}