{"id":26724,"date":"2024-03-11T12:06:44","date_gmt":"2024-03-11T11:06:44","guid":{"rendered":"https:\/\/www.promotio.sk\/shop\/nezaraden\u00e9\/surgut\/"},"modified":"2024-03-11T21:04:48","modified_gmt":"2024-03-11T20:04:48","slug":"surgut","status":"publish","type":"product","link":"https:\/\/www.promotio.sk\/sk\/shop\/promo-clothing\/coats-jackets\/jackets\/surgut\/","title":{"rendered":"SURGUT"},"content":{"rendered":"<p>Vodoodpudiv\u00e1 polstrovan\u00e1 bunda.<br \/>\n\u00b7 Vysok\u00fd golier. \u00b7 Skladacia kapuc\u0148a s nastavovac\u00edmi prvkami.<br \/>\n\u00b7 Predn\u00fd zips so zodpovedaj\u00facim chr\u00e1ni\u010dom brady.<br \/>\n\u00b7 Dve bo\u010dn\u00e9 vreck\u00e1 so zipsom.<br \/>\n\u00b7 2\u00d71 rebrovan\u00e1 l\u00e1tka na man\u017eet\u00e1ch a p\u00e1se. \u00b7 Pr\u00edstup na regener\u00e1ciu na \u013eavej strane hrudn\u00edka a chrbta.<br \/>Zlo\u017eenie: Pl\u00e1\u0161\u0165: 100% polyester, taft<br \/>\nV\u00fdpl\u0148: 100% polyester<br \/>\nPod\u0161\u00edvka: 100% polyester, taft<br \/>\nGram\u00e1\u017e 335 g\/m\u00b2<br \/>Pozn\u00e1mky: * Odn\u00edmate\u013en\u00fd \u0161t\u00edtok.<br \/>\n* Vodoodpudiv\u00e1.<br \/>\n* Odoln\u00e9 vo\u010di vetru.<br \/><img decoding=\"async\" src=\"https:\/\/static.gorfactory.es\/pics\/measures\/CQ_HOMU.jpg\"><\/p>","protected":false},"excerpt":{"rendered":"<p>Water-repellent padded jacket. \u00b7 High collar. \u00b7 Foldable hood with adjusters. \u00b7 Front zip with matching chin protector. \u00b7 Two<\/p>","protected":false},"featured_media":26725,"comment_status":"open","ping_status":"closed","template":"","meta":[],"product_cat":[432,531],"product_tag":[],"class_list":{"0":"post-26724","1":"product","2":"type-product","3":"status-publish","4":"has-post-thumbnail","6":"product_cat-coats-jackets","7":"product_cat-jackets","9":"first","10":"instock","11":"shipping-taxable","12":"purchasable","13":"product-type-variable"},"_links":{"self":[{"href":"https:\/\/www.promotio.sk\/sk\/wp-json\/wp\/v2\/product\/26724","targetHints":{"allow":["GET"]}}],"collection":[{"href":"https:\/\/www.promotio.sk\/sk\/wp-json\/wp\/v2\/product"}],"about":[{"href":"https:\/\/www.promotio.sk\/sk\/wp-json\/wp\/v2\/types\/product"}],"replies":[{"embeddable":true,"href":"https:\/\/www.promotio.sk\/sk\/wp-json\/wp\/v2\/comments?post=26724"}],"wp:featuredmedia":[{"embeddable":true,"href":"https:\/\/www.promotio.sk\/sk\/wp-json\/wp\/v2\/media\/26725"}],"wp:attachment":[{"href":"https:\/\/www.promotio.sk\/sk\/wp-json\/wp\/v2\/media?parent=26724"}],"wp:term":[{"taxonomy":"product_cat","embeddable":true,"href":"https:\/\/www.promotio.sk\/sk\/wp-json\/wp\/v2\/product_cat?post=26724"},{"taxonomy":"product_tag","embeddable":true,"href":"https:\/\/www.promotio.sk\/sk\/wp-json\/wp\/v2\/product_tag?post=26724"}],"curies":[{"name":"wp","href":"https:\/\/api.w.org\/{rel}","templated":true}]}}