{"id":26693,"date":"2024-03-11T12:04:04","date_gmt":"2024-03-11T11:04:04","guid":{"rendered":"https:\/\/www.promotio.sk\/shop\/nezaraden\u00e9\/makalu\/"},"modified":"2024-03-11T21:03:01","modified_gmt":"2024-03-11T20:03:01","slug":"makalu","status":"publish","type":"product","link":"https:\/\/www.promotio.sk\/sk\/shop\/promo-clothing\/coats-jackets\/jackets\/makalu\/","title":{"rendered":"MAKALU"},"content":{"rendered":"<p>\u013dahk\u00e1 nepremokav\u00e1 bunda.<br \/>\n\u00b7 Vysok\u00fd golier a skladacia kapuc\u0148a s nastavovac\u00edmi prvkami.<br \/>\n\u00b7 Mikrofleecov\u00e1 pod\u0161\u00edvka.<br \/>\n\u00b7 Predn\u00fd zips a chr\u00e1ni\u010d brady.<br \/>\n\u00b7 Elastick\u00e9 man\u017eety.<br \/>\n\u00b7 Dve bo\u010dn\u00e9 vreck\u00e1 so zipsom.<br \/>\n\u00b7 Vn\u00fatorn\u00e9 \u013eav\u00e9 n\u00e1prsn\u00e9 vrecko.<br \/>\n                       <br \/>Zlo\u017eenie: Pl\u00e1\u0161\u0165: 100% polyester.<br \/>\nV\u00fdpl\u0148: 100% polyester<br \/>\nPod\u0161\u00edvka: 100% polyester, microfleece<br \/>\n330 gsm<br \/>Pozn\u00e1mky: * Odn\u00edmate\u013en\u00fd \u0161t\u00edtok.<br \/>\n* Vodotesn\u00fd.<br \/>\n* Odoln\u00e9 vo\u010di vetru.<br \/><img decoding=\"async\" src=\"https:\/\/static.gorfactory.es\/pics\/measures\/CQ_HOMU.jpg\"><\/p>","protected":false},"excerpt":{"rendered":"<p>Light waterproof jacket. \u00b7 High collar and foldable hood with adjusters. \u00b7 Microfleece lining. \u00b7 Front zip and chin protector.<\/p>","protected":false},"featured_media":26694,"comment_status":"open","ping_status":"closed","template":"","meta":[],"product_cat":[432,531],"product_tag":[],"class_list":{"0":"post-26693","1":"product","2":"type-product","3":"status-publish","4":"has-post-thumbnail","6":"product_cat-coats-jackets","7":"product_cat-jackets","9":"first","10":"instock","11":"shipping-taxable","12":"purchasable","13":"product-type-variable"},"_links":{"self":[{"href":"https:\/\/www.promotio.sk\/sk\/wp-json\/wp\/v2\/product\/26693","targetHints":{"allow":["GET"]}}],"collection":[{"href":"https:\/\/www.promotio.sk\/sk\/wp-json\/wp\/v2\/product"}],"about":[{"href":"https:\/\/www.promotio.sk\/sk\/wp-json\/wp\/v2\/types\/product"}],"replies":[{"embeddable":true,"href":"https:\/\/www.promotio.sk\/sk\/wp-json\/wp\/v2\/comments?post=26693"}],"wp:featuredmedia":[{"embeddable":true,"href":"https:\/\/www.promotio.sk\/sk\/wp-json\/wp\/v2\/media\/26694"}],"wp:attachment":[{"href":"https:\/\/www.promotio.sk\/sk\/wp-json\/wp\/v2\/media?parent=26693"}],"wp:term":[{"taxonomy":"product_cat","embeddable":true,"href":"https:\/\/www.promotio.sk\/sk\/wp-json\/wp\/v2\/product_cat?post=26693"},{"taxonomy":"product_tag","embeddable":true,"href":"https:\/\/www.promotio.sk\/sk\/wp-json\/wp\/v2\/product_tag?post=26693"}],"curies":[{"name":"wp","href":"https:\/\/api.w.org\/{rel}","templated":true}]}}