{"id":26662,"date":"2024-03-11T12:01:34","date_gmt":"2024-03-11T11:01:34","guid":{"rendered":"https:\/\/www.promotio.sk\/shop\/nezaraden\u00e9\/minsk\/"},"modified":"2024-03-11T21:03:27","modified_gmt":"2024-03-11T20:03:27","slug":"minsk","status":"publish","type":"product","link":"https:\/\/www.promotio.sk\/sk\/shop\/promo-clothing\/coats-jackets\/jackets\/minsk\/","title":{"rendered":"MINSK"},"content":{"rendered":"<p>P\u00e1nska bunda v kombin\u00e1cii dvoch l\u00e1tok:<br \/>\n\u00b7 Pevne nastaven\u00e1 kapuc\u0148a.<br \/>\n\u00b7 Ragl\u00e1nov\u00e9 ruk\u00e1vy.<br \/>\n\u00b7 Ruk\u00e1vy, bo\u010dn\u00e9 panely a kapuc\u0148a zo softshellu.<br \/>\n\u00b7 Pre\u0161\u00edvan\u00e1 tkanina v prednej a zadnej \u010dasti.<br \/>\n\u00b7 Obr\u00e1ten\u00fd zips so zodpovedaj\u00facim chr\u00e1ni\u010dom brady a s\u0165ahova\u010dom.<br \/>\n\u00b7 Dve predn\u00e9 vreck\u00e1 so zipsom.<br \/>\n\u00b7 Zodpovedaj\u00faci elastick\u00fd lem na golieri, man\u017eet\u00e1ch a leme.<br \/>Zlo\u017eenie: Predn\u00e1 a zadn\u00e1 \u010das\u0165: 100% polyester.<br \/>\nV\u00fdpl\u0148: 100% polyester, efekt peria.<br \/>\nRuk\u00e1vy: 100% interlock polyester.<br \/>\n290 gsm.<br \/>Pozn\u00e1mky: * Odn\u00edmate\u013en\u00fd \u0161t\u00edtok.<br \/>\n* Model odoln\u00fd vo\u010di vetru.<br \/><img decoding=\"async\" src=\"https:\/\/static.gorfactory.es\/pics\/measures\/CQ_HOMU.jpg\"><\/p>","protected":false},"excerpt":{"rendered":"<p>Men&#8217;s jacket in two-fabric combination: \u00b7 Fixed adjusted hood. \u00b7 Raglan sleeves. \u00b7 Sleeves, side panels and hood in softshell<\/p>","protected":false},"featured_media":26663,"comment_status":"open","ping_status":"closed","template":"","meta":[],"product_cat":[432,531],"product_tag":[],"class_list":{"0":"post-26662","1":"product","2":"type-product","3":"status-publish","4":"has-post-thumbnail","6":"product_cat-coats-jackets","7":"product_cat-jackets","9":"first","10":"instock","11":"shipping-taxable","12":"purchasable","13":"product-type-variable"},"_links":{"self":[{"href":"https:\/\/www.promotio.sk\/sk\/wp-json\/wp\/v2\/product\/26662","targetHints":{"allow":["GET"]}}],"collection":[{"href":"https:\/\/www.promotio.sk\/sk\/wp-json\/wp\/v2\/product"}],"about":[{"href":"https:\/\/www.promotio.sk\/sk\/wp-json\/wp\/v2\/types\/product"}],"replies":[{"embeddable":true,"href":"https:\/\/www.promotio.sk\/sk\/wp-json\/wp\/v2\/comments?post=26662"}],"wp:featuredmedia":[{"embeddable":true,"href":"https:\/\/www.promotio.sk\/sk\/wp-json\/wp\/v2\/media\/26663"}],"wp:attachment":[{"href":"https:\/\/www.promotio.sk\/sk\/wp-json\/wp\/v2\/media?parent=26662"}],"wp:term":[{"taxonomy":"product_cat","embeddable":true,"href":"https:\/\/www.promotio.sk\/sk\/wp-json\/wp\/v2\/product_cat?post=26662"},{"taxonomy":"product_tag","embeddable":true,"href":"https:\/\/www.promotio.sk\/sk\/wp-json\/wp\/v2\/product_tag?post=26662"}],"curies":[{"name":"wp","href":"https:\/\/api.w.org\/{rel}","templated":true}]}}