{"id":26647,"date":"2024-03-11T12:00:13","date_gmt":"2024-03-11T11:00:13","guid":{"rendered":"https:\/\/www.promotio.sk\/shop\/nezaraden\u00e9\/yukon\/"},"modified":"2024-03-11T21:05:24","modified_gmt":"2024-03-11T20:05:24","slug":"yukon","status":"publish","type":"product","link":"https:\/\/www.promotio.sk\/sk\/shop\/promo-clothing\/coats-jackets\/jackets\/yukon\/","title":{"rendered":"YUKON"},"content":{"rendered":"<p>Pohodln\u00e1 pre\u0161\u00edvan\u00e1 bunda s vysok\u00fdm golierom z ve\u013emi odolnej l\u00e1tky.<br \/>\n\u00b7 Zodpovedaj\u00faci predn\u00fd zips, chr\u00e1ni\u010d brady a s\u0165ahova\u010d.<br \/>\n\u00b7 Tri vonkaj\u0161ie vreck\u00e1 s chlop\u0148ou, zipsom a \u0165ah\u00e1kom.<br \/>\n\u00b7 Jeden na pravej strane hrudn\u00edka a dva na bokoch.<br \/>\n<br \/>Zlo\u017eenie: 100% vodeodoln\u00fd polyester, 300 gsm.<br \/>Pozn\u00e1mky: *Vn\u00fatorn\u00fd \u013eahk\u00fd pr\u00edstup pre sie\u0165otla\u010d alebo vy\u0161\u00edvanie.<br \/>\n* Vodotesn\u00fd model.<br \/>\n*Vetruodoln\u00fd model. <br \/><img decoding=\"async\" src=\"https:\/\/static.gorfactory.es\/pics\/measures\/CQ_HOMU.jpg\"><\/p>","protected":false},"excerpt":{"rendered":"<p>Comfortable high collar quilted jacket in very resistant fabric. \u00b7 Matching front zip, chin protector and puller. \u00b7 Three outer<\/p>","protected":false},"featured_media":26648,"comment_status":"open","ping_status":"closed","template":"","meta":[],"product_cat":[432,531],"product_tag":[],"class_list":{"0":"post-26647","1":"product","2":"type-product","3":"status-publish","4":"has-post-thumbnail","6":"product_cat-coats-jackets","7":"product_cat-jackets","9":"first","10":"instock","11":"shipping-taxable","12":"purchasable","13":"product-type-variable"},"_links":{"self":[{"href":"https:\/\/www.promotio.sk\/sk\/wp-json\/wp\/v2\/product\/26647","targetHints":{"allow":["GET"]}}],"collection":[{"href":"https:\/\/www.promotio.sk\/sk\/wp-json\/wp\/v2\/product"}],"about":[{"href":"https:\/\/www.promotio.sk\/sk\/wp-json\/wp\/v2\/types\/product"}],"replies":[{"embeddable":true,"href":"https:\/\/www.promotio.sk\/sk\/wp-json\/wp\/v2\/comments?post=26647"}],"wp:featuredmedia":[{"embeddable":true,"href":"https:\/\/www.promotio.sk\/sk\/wp-json\/wp\/v2\/media\/26648"}],"wp:attachment":[{"href":"https:\/\/www.promotio.sk\/sk\/wp-json\/wp\/v2\/media?parent=26647"}],"wp:term":[{"taxonomy":"product_cat","embeddable":true,"href":"https:\/\/www.promotio.sk\/sk\/wp-json\/wp\/v2\/product_cat?post=26647"},{"taxonomy":"product_tag","embeddable":true,"href":"https:\/\/www.promotio.sk\/sk\/wp-json\/wp\/v2\/product_tag?post=26647"}],"curies":[{"name":"wp","href":"https:\/\/api.w.org\/{rel}","templated":true}]}}