{"id":26610,"date":"2024-03-11T11:57:04","date_gmt":"2024-03-11T10:57:04","guid":{"rendered":"https:\/\/www.promotio.sk\/shop\/nezaraden\u00e9\/utah\/"},"modified":"2024-03-11T21:05:14","modified_gmt":"2024-03-11T20:05:14","slug":"utah","status":"publish","type":"product","link":"https:\/\/www.promotio.sk\/sk\/shop\/promo-clothing\/coats-jackets\/jackets\/utah\/","title":{"rendered":"UTAH"},"content":{"rendered":"<p>Pre\u0161\u00edvan\u00e1 bunda z ve\u013emi odolnej l\u00e1tky. Vn\u00fatorn\u00fd 2\u00d72 rebrovan\u00fd vysok\u00fd krk.<br \/>\n\u00b7 Predn\u00fd zips so zodpovedaj\u00facim chr\u00e1ni\u010dom brady.<br \/>\n\u00b7 Dve predn\u00e9 vreck\u00e1 s dvojitou funkciou: jedno otvoren\u00e9 vrecko a jedno vrecko na zips.<br \/>\n\u00b7 Vrecko na zips s chlop\u0148ou na \u013eavom ruk\u00e1ve.<br \/>\n\u00b7 Vn\u00fatorn\u00e9 vrecko na zips na \u013eavej strane.<br \/>\n\u00b7 Regul\u00e1tory s gumou vo vn\u00fatri lemu.<br \/>\n<br \/>Zlo\u017eenie: 100% vodeodoln\u00fd polyester.<br \/>\n350 gsm.<br \/>Pozn\u00e1mky: *Vn\u00fatorn\u00fd \u013eahk\u00fd pr\u00edstup pre sie\u0165otla\u010d alebo vy\u0161\u00edvanie.<br \/>\n*Vodoodoln\u00fd.<br \/>\n*Vetruvzdorn\u00e9.<br \/><img decoding=\"async\" src=\"https:\/\/static.gorfactory.es\/pics\/measures\/CQ_HOMU.jpg\"><\/p>","protected":false},"excerpt":{"rendered":"<p>Quilted jacket in very resistant fabric. Inner 2&#215;2 ribbed high neck. \u00b7 Front zip with matching chin protector. \u00b7 Two<\/p>","protected":false},"featured_media":26611,"comment_status":"open","ping_status":"closed","template":"","meta":[],"product_cat":[432,531],"product_tag":[],"class_list":{"0":"post-26610","1":"product","2":"type-product","3":"status-publish","4":"has-post-thumbnail","6":"product_cat-coats-jackets","7":"product_cat-jackets","9":"first","10":"instock","11":"shipping-taxable","12":"purchasable","13":"product-type-variable"},"_links":{"self":[{"href":"https:\/\/www.promotio.sk\/sk\/wp-json\/wp\/v2\/product\/26610","targetHints":{"allow":["GET"]}}],"collection":[{"href":"https:\/\/www.promotio.sk\/sk\/wp-json\/wp\/v2\/product"}],"about":[{"href":"https:\/\/www.promotio.sk\/sk\/wp-json\/wp\/v2\/types\/product"}],"replies":[{"embeddable":true,"href":"https:\/\/www.promotio.sk\/sk\/wp-json\/wp\/v2\/comments?post=26610"}],"wp:featuredmedia":[{"embeddable":true,"href":"https:\/\/www.promotio.sk\/sk\/wp-json\/wp\/v2\/media\/26611"}],"wp:attachment":[{"href":"https:\/\/www.promotio.sk\/sk\/wp-json\/wp\/v2\/media?parent=26610"}],"wp:term":[{"taxonomy":"product_cat","embeddable":true,"href":"https:\/\/www.promotio.sk\/sk\/wp-json\/wp\/v2\/product_cat?post=26610"},{"taxonomy":"product_tag","embeddable":true,"href":"https:\/\/www.promotio.sk\/sk\/wp-json\/wp\/v2\/product_tag?post=26610"}],"curies":[{"name":"wp","href":"https:\/\/api.w.org\/{rel}","templated":true}]}}