{"id":26586,"date":"2024-03-11T11:55:01","date_gmt":"2024-03-11T10:55:01","guid":{"rendered":"https:\/\/www.promotio.sk\/shop\/nezaraden\u00e9\/alaska\/"},"modified":"2024-03-11T21:01:40","modified_gmt":"2024-03-11T20:01:40","slug":"alaska","status":"publish","type":"product","link":"https:\/\/www.promotio.sk\/sk\/shop\/promo-clothing\/coats-jackets\/jackets\/alaska\/","title":{"rendered":"ALASKA"},"content":{"rendered":"<p>Parka z ve\u013emi odolnej ripstop tkaniny.<br \/>\n\u00b7 Predn\u00fd zips a chr\u00e1ni\u010d brady.<br \/>\n\u00b7 Skladacia kapuc\u0148a.<br \/>\n\u00b7 Vn\u00fatorn\u00e9 man\u017eety s detailom rozparku na palec.<br \/>\n\u00b7 Regul\u00e1tory na kapucni a vo vn\u00fatri lemu.<br \/>\n\u00b7 Tri predn\u00e9 vreck\u00e1 so zipsom. Jeden na pravej strane hrudn\u00edka a dva na bokoch.<br \/>\n\u00b7 Dve vn\u00fatorn\u00e9 vreck\u00e1 so such\u00fdm zipsom.<br \/>\n\u00b7 Nastavite\u013en\u00e9 man\u017eety so zap\u00ednan\u00edm na such\u00fd zips.<br \/>Zlo\u017eenie: Pl\u00e1\u0161\u0165: 100% polyesterov\u00e1 \u0161tvorkolka.<br \/>\nPod\u0161\u00edvka: 100% polyester.<br \/>\n300 gsm.<br \/>Pozn\u00e1mky: *Vodotesn\u00fd model.<br \/>\n*Vetruodoln\u00fd model.<br \/><img decoding=\"async\" src=\"https:\/\/static.gorfactory.es\/pics\/measures\/CQ_HOMU.jpg\"><\/p>","protected":false},"excerpt":{"rendered":"<p>Parka in very resistant ripstop fabric. \u00b7 Front zip and chin protector. \u00b7 Foldable hood. \u00b7 Inner cuffs with thumbslit<\/p>","protected":false},"featured_media":26587,"comment_status":"open","ping_status":"closed","template":"","meta":[],"product_cat":[432,531],"product_tag":[],"class_list":{"0":"post-26586","1":"product","2":"type-product","3":"status-publish","4":"has-post-thumbnail","6":"product_cat-coats-jackets","7":"product_cat-jackets","9":"first","10":"instock","11":"shipping-taxable","12":"purchasable","13":"product-type-variable"},"_links":{"self":[{"href":"https:\/\/www.promotio.sk\/sk\/wp-json\/wp\/v2\/product\/26586","targetHints":{"allow":["GET"]}}],"collection":[{"href":"https:\/\/www.promotio.sk\/sk\/wp-json\/wp\/v2\/product"}],"about":[{"href":"https:\/\/www.promotio.sk\/sk\/wp-json\/wp\/v2\/types\/product"}],"replies":[{"embeddable":true,"href":"https:\/\/www.promotio.sk\/sk\/wp-json\/wp\/v2\/comments?post=26586"}],"wp:featuredmedia":[{"embeddable":true,"href":"https:\/\/www.promotio.sk\/sk\/wp-json\/wp\/v2\/media\/26587"}],"wp:attachment":[{"href":"https:\/\/www.promotio.sk\/sk\/wp-json\/wp\/v2\/media?parent=26586"}],"wp:term":[{"taxonomy":"product_cat","embeddable":true,"href":"https:\/\/www.promotio.sk\/sk\/wp-json\/wp\/v2\/product_cat?post=26586"},{"taxonomy":"product_tag","embeddable":true,"href":"https:\/\/www.promotio.sk\/sk\/wp-json\/wp\/v2\/product_tag?post=26586"}],"curies":[{"name":"wp","href":"https:\/\/api.w.org\/{rel}","templated":true}]}}