{"id":26500,"date":"2024-03-11T11:47:28","date_gmt":"2024-03-11T10:47:28","guid":{"rendered":"https:\/\/www.promotio.sk\/shop\/nezaraden\u00e9\/sitka\/"},"modified":"2024-03-11T15:44:21","modified_gmt":"2024-03-11T14:44:21","slug":"sitka","status":"publish","type":"product","link":"https:\/\/www.promotio.sk\/sk\/shop\/promo-clothing\/coats-jackets\/raincoats\/sitka\/","title":{"rendered":"SITKA"},"content":{"rendered":"<p>Nepremokav\u00e1 pl\u00e1\u0161tenka.<br \/>\n\u00b7 Kapuc\u0148a s \u0161iltom.<br \/>\n\u00b7 Tepelne utesnen\u00e9 zipsy a \u0161vy. \u00b7 Kontrastn\u00e9 detaily v \u010diernej farbe.<br \/>\n\u00b7 Dve bo\u010dn\u00e9 vreck\u00e1 so zipsom.<br \/>\n\u00b7 Rozparok na zadnom leme.                                                                                     <br \/>Zlo\u017eenie: 100% polyester, PU, 210 gsm.<br \/>Pozn\u00e1mky: * Odn\u00edmate\u013en\u00fd \u0161t\u00edtok.<br \/>\n* Vodotesn\u00fd.<br \/>\n* Koncept duo.<br \/><img decoding=\"async\" src=\"https:\/\/static.gorfactory.es\/pics\/measures\/CB_HO.jpg\"><\/p>","protected":false},"excerpt":{"rendered":"<p>Waterproof raincoat. \u00b7 Hood with peak. \u00b7 Heat-sealed zips and seams. \u00b7 Contrasting details in black. \u00b7 Two side pockets<\/p>","protected":false},"featured_media":26501,"comment_status":"open","ping_status":"closed","template":"","meta":[],"product_cat":[432,427],"product_tag":[],"class_list":{"0":"post-26500","1":"product","2":"type-product","3":"status-publish","4":"has-post-thumbnail","6":"product_cat-coats-jackets","7":"product_cat-raincoats","9":"first","10":"instock","11":"shipping-taxable","12":"purchasable","13":"product-type-variable"},"_links":{"self":[{"href":"https:\/\/www.promotio.sk\/sk\/wp-json\/wp\/v2\/product\/26500","targetHints":{"allow":["GET"]}}],"collection":[{"href":"https:\/\/www.promotio.sk\/sk\/wp-json\/wp\/v2\/product"}],"about":[{"href":"https:\/\/www.promotio.sk\/sk\/wp-json\/wp\/v2\/types\/product"}],"replies":[{"embeddable":true,"href":"https:\/\/www.promotio.sk\/sk\/wp-json\/wp\/v2\/comments?post=26500"}],"wp:featuredmedia":[{"embeddable":true,"href":"https:\/\/www.promotio.sk\/sk\/wp-json\/wp\/v2\/media\/26501"}],"wp:attachment":[{"href":"https:\/\/www.promotio.sk\/sk\/wp-json\/wp\/v2\/media?parent=26500"}],"wp:term":[{"taxonomy":"product_cat","embeddable":true,"href":"https:\/\/www.promotio.sk\/sk\/wp-json\/wp\/v2\/product_cat?post=26500"},{"taxonomy":"product_tag","embeddable":true,"href":"https:\/\/www.promotio.sk\/sk\/wp-json\/wp\/v2\/product_tag?post=26500"}],"curies":[{"name":"wp","href":"https:\/\/api.w.org\/{rel}","templated":true}]}}