{"id":26433,"date":"2024-03-11T11:41:29","date_gmt":"2024-03-11T10:41:29","guid":{"rendered":"https:\/\/www.promotio.sk\/shop\/nezaraden\u00e9\/escocia\/"},"modified":"2024-03-11T15:44:49","modified_gmt":"2024-03-11T14:44:49","slug":"escocia","status":"publish","type":"product","link":"https:\/\/www.promotio.sk\/sk\/shop\/promo-clothing\/coats-jackets\/raincoats\/escocia\/","title":{"rendered":"ESCOCIA"},"content":{"rendered":"<p>Nepremokav\u00e1 pl\u00e1\u0161tenka.<br \/>\n\u00b7 Vysok\u00fd krk a skladacia kapuc\u0148a s nastavite\u013enou \u0161n\u00farkou.<br \/>\n\u00b7 Predn\u00fd zips so zodpovedaj\u00facim \u0165ah\u00e1kom.<br \/>\n\u00b7 Dve bo\u010dn\u00e9 vreck\u00e1 s chlop\u0148ou.<br \/>\n\u00b7 Elastick\u00e9 man\u017eety.<br \/>\n\u00b7 Elastick\u00fd popruh vo vrecku na skladanie a skladovanie.<br \/>Zlo\u017eenie: Pl\u00e1\u0161\u0165: 100% vodeodoln\u00fd polyester, strieborn\u00e1 povrchov\u00e1 \u00faprava, 70 g\/m2.<br \/>Pozn\u00e1mky: *Vodotesn\u00fd model.<br \/>\n<br \/><img decoding=\"async\" src=\"https:\/\/static.gorfactory.es\/pics\/measures\/CB5074.jpg\"><\/p>","protected":false},"excerpt":{"rendered":"<p>Waterproof raincoat. \u00b7 High neck and foldable hood with adjustable drawcord. \u00b7 Front zipper with matching puller. \u00b7 Two side<\/p>","protected":false},"featured_media":26434,"comment_status":"open","ping_status":"closed","template":"","meta":[],"product_cat":[432,427],"product_tag":[],"class_list":{"0":"post-26433","1":"product","2":"type-product","3":"status-publish","4":"has-post-thumbnail","6":"product_cat-coats-jackets","7":"product_cat-raincoats","9":"first","10":"instock","11":"shipping-taxable","12":"purchasable","13":"product-type-variable"},"_links":{"self":[{"href":"https:\/\/www.promotio.sk\/sk\/wp-json\/wp\/v2\/product\/26433","targetHints":{"allow":["GET"]}}],"collection":[{"href":"https:\/\/www.promotio.sk\/sk\/wp-json\/wp\/v2\/product"}],"about":[{"href":"https:\/\/www.promotio.sk\/sk\/wp-json\/wp\/v2\/types\/product"}],"replies":[{"embeddable":true,"href":"https:\/\/www.promotio.sk\/sk\/wp-json\/wp\/v2\/comments?post=26433"}],"wp:featuredmedia":[{"embeddable":true,"href":"https:\/\/www.promotio.sk\/sk\/wp-json\/wp\/v2\/media\/26434"}],"wp:attachment":[{"href":"https:\/\/www.promotio.sk\/sk\/wp-json\/wp\/v2\/media?parent=26433"}],"wp:term":[{"taxonomy":"product_cat","embeddable":true,"href":"https:\/\/www.promotio.sk\/sk\/wp-json\/wp\/v2\/product_cat?post=26433"},{"taxonomy":"product_tag","embeddable":true,"href":"https:\/\/www.promotio.sk\/sk\/wp-json\/wp\/v2\/product_tag?post=26433"}],"curies":[{"name":"wp","href":"https:\/\/api.w.org\/{rel}","templated":true}]}}