{"id":26349,"date":"2024-03-11T11:04:38","date_gmt":"2024-03-11T10:04:38","guid":{"rendered":"https:\/\/www.promotio.sk\/shop\/nezaraden\u00e9\/zair\/"},"modified":"2024-03-11T11:19:48","modified_gmt":"2024-03-11T10:19:48","slug":"zair","status":"publish","type":"product","link":"https:\/\/www.promotio.sk\/sk\/shop\/promo-clothing\/sud_cha\/swe\/zair\/","title":{"rendered":"ZAIR"},"content":{"rendered":"<p>Mikina z \u013eahkej l\u00e1tky. Jednodielna skladan\u00e1 kapuc\u0148a. Predn\u00e9 bo\u010dn\u00e9 a ruk\u00e1vov\u00e9 \u0161vy. Vreck\u00e1 integrovan\u00e9 v bo\u010dn\u00fdch \u0161voch. PVC nastavova\u010d s elastickou \u0161n\u00farkou v p\u00e1se. Zodpovedaj\u00face logo Roly na leme na \u013eavej strane.<br \/>\n<br \/>Zlo\u017eenie: 80% polyester, 17% visk\u00f3za a 3% elastan, 310 gsm.<br \/>Pozn\u00e1mky: * Unisex.<br \/>\n* Odn\u00edmate\u013en\u00fd \u0161t\u00edtok.<br \/><img decoding=\"async\" src=\"https:\/\/static.gorfactory.es\/pics\/measures\/SU_HO.jpg\"><\/p>","protected":false},"excerpt":{"rendered":"<p>Hoodie in light fabric. One-piece pleated hood. Frontal side and sleeve seams. Pockets integrated in side seams. PVC adjuster with<\/p>","protected":false},"featured_media":26350,"comment_status":"open","ping_status":"closed","template":"","meta":[],"product_cat":[511,485,484],"product_tag":[],"class_list":{"0":"post-26349","1":"product","2":"type-product","3":"status-publish","4":"has-post-thumbnail","6":"product_cat-swe_h","7":"product_cat-swe","8":"product_cat-sud_cha","10":"first","11":"instock","12":"shipping-taxable","13":"purchasable","14":"product-type-variable"},"_links":{"self":[{"href":"https:\/\/www.promotio.sk\/sk\/wp-json\/wp\/v2\/product\/26349","targetHints":{"allow":["GET"]}}],"collection":[{"href":"https:\/\/www.promotio.sk\/sk\/wp-json\/wp\/v2\/product"}],"about":[{"href":"https:\/\/www.promotio.sk\/sk\/wp-json\/wp\/v2\/types\/product"}],"replies":[{"embeddable":true,"href":"https:\/\/www.promotio.sk\/sk\/wp-json\/wp\/v2\/comments?post=26349"}],"wp:featuredmedia":[{"embeddable":true,"href":"https:\/\/www.promotio.sk\/sk\/wp-json\/wp\/v2\/media\/26350"}],"wp:attachment":[{"href":"https:\/\/www.promotio.sk\/sk\/wp-json\/wp\/v2\/media?parent=26349"}],"wp:term":[{"taxonomy":"product_cat","embeddable":true,"href":"https:\/\/www.promotio.sk\/sk\/wp-json\/wp\/v2\/product_cat?post=26349"},{"taxonomy":"product_tag","embeddable":true,"href":"https:\/\/www.promotio.sk\/sk\/wp-json\/wp\/v2\/product_tag?post=26349"}],"curies":[{"name":"wp","href":"https:\/\/api.w.org\/{rel}","templated":true}]}}