{"id":26175,"date":"2024-03-11T10:23:51","date_gmt":"2024-03-11T09:23:51","guid":{"rendered":"https:\/\/www.promotio.sk\/shop\/nezaraden\u00e9\/epiro\/"},"modified":"2024-03-11T10:31:14","modified_gmt":"2024-03-11T09:31:14","slug":"epiro","status":"publish","type":"product","link":"https:\/\/www.promotio.sk\/sk\/shop\/promo-clothing\/sud_cha\/swe\/epiro\/","title":{"rendered":"EPIRO"},"content":{"rendered":"<p>Mikina s ragl\u00e1nov\u00fdm ruk\u00e1vom.<br \/>\n1. Vn\u00fatorn\u00fd fleece.<br \/>\n2. Golier s polovi\u010dn\u00fdm zipsom a zodpovedaj\u00facimi zosilnen\u00fdmi kryt\u00fdmi \u0161vami.<br \/>\n3. 1\u00d71 rebro na zadnom golieri, man\u017eet\u00e1ch a spodnom leme.<br \/>Zlo\u017eenie: 100% polyester, 200 gsm.<br \/>Pozn\u00e1mky: Mikina vhodn\u00e1 k nohaviciam NEAPOLIS.<br \/>\n* Odn\u00edmate\u013en\u00fd \u0161t\u00edtok.<br \/>\n*Technick\u00e1 tkanina.<br \/>\n*3 roky v katal\u00f3gu.<br \/><img decoding=\"async\" src=\"https:\/\/static.gorfactory.es\/pics\/measures\/SU_HO.jpg\"><\/p>","protected":false},"excerpt":{"rendered":"<p>Raglan sleeve sweatshirt. 1. Inner fleece. 2. Collar with half zipper and matching reinforced covered seams. 3. 1&#215;1 rib in<\/p>","protected":false},"featured_media":26176,"comment_status":"open","ping_status":"closed","template":"","meta":[],"product_cat":[485,484],"product_tag":[],"class_list":{"0":"post-26175","1":"product","2":"type-product","3":"status-publish","4":"has-post-thumbnail","6":"product_cat-swe","7":"product_cat-sud_cha","9":"first","10":"instock","11":"shipping-taxable","12":"purchasable","13":"product-type-variable"},"_links":{"self":[{"href":"https:\/\/www.promotio.sk\/sk\/wp-json\/wp\/v2\/product\/26175","targetHints":{"allow":["GET"]}}],"collection":[{"href":"https:\/\/www.promotio.sk\/sk\/wp-json\/wp\/v2\/product"}],"about":[{"href":"https:\/\/www.promotio.sk\/sk\/wp-json\/wp\/v2\/types\/product"}],"replies":[{"embeddable":true,"href":"https:\/\/www.promotio.sk\/sk\/wp-json\/wp\/v2\/comments?post=26175"}],"wp:featuredmedia":[{"embeddable":true,"href":"https:\/\/www.promotio.sk\/sk\/wp-json\/wp\/v2\/media\/26176"}],"wp:attachment":[{"href":"https:\/\/www.promotio.sk\/sk\/wp-json\/wp\/v2\/media?parent=26175"}],"wp:term":[{"taxonomy":"product_cat","embeddable":true,"href":"https:\/\/www.promotio.sk\/sk\/wp-json\/wp\/v2\/product_cat?post=26175"},{"taxonomy":"product_tag","embeddable":true,"href":"https:\/\/www.promotio.sk\/sk\/wp-json\/wp\/v2\/product_tag?post=26175"}],"curies":[{"name":"wp","href":"https:\/\/api.w.org\/{rel}","templated":true}]}}