{"id":26128,"date":"2024-03-11T10:19:22","date_gmt":"2024-03-11T09:19:22","guid":{"rendered":"https:\/\/www.promotio.sk\/shop\/nezaraden\u00e9\/annapurna-woman\/"},"modified":"2024-03-11T10:23:44","modified_gmt":"2024-03-11T09:23:44","slug":"annapurna-woman","status":"publish","type":"product","link":"https:\/\/www.promotio.sk\/sk\/shop\/promo-clothing\/sud_cha\/swe\/annapurna-woman\/","title":{"rendered":"ANNAPURNA \u017dENA"},"content":{"rendered":"<p>Bavlnen\u00e1 ragl\u00e1nov\u00e1 mikina s dlh\u00fdm ruk\u00e1vom. 2\u00d71 rebro v golieri, man\u017eet\u00e1ch a p\u00e1se. Krk so zosilnen\u00fdmi kryt\u00fdmi \u0161vami na vn\u00fatornej strane krku. Predn\u00fd detail prekr\u00ed\u017een\u00e9ho pre\u0161\u00edvania s prekryt\u00edm rebrovanou l\u00e1tkou 2\u00d71.<br \/>Zlo\u017eenie: bavlna 100%, franc\u00fazske frot\u00e9, 260 gsm.<br \/>\nFarba vresovit\u00e1 (58): 85% bavlna \/ 15% visk\u00f3za.<br \/>Pozn\u00e1mky: *Odn\u00edmate\u013en\u00fd \u0161t\u00edtok.<br \/>\n*Koncept duo.<br \/><img decoding=\"async\" src=\"https:\/\/static.gorfactory.es\/pics\/measures\/SU_MU.jpg\"><\/p>","protected":false},"excerpt":{"rendered":"<p>Raglan long-sleeve cotton sweatshirt. 2&#215;1 rib in collar, cuffs and waist. Crew neck with reinforced covered seams on the inside<\/p>","protected":false},"featured_media":26129,"comment_status":"open","ping_status":"closed","template":"","meta":[],"product_cat":[485,484],"product_tag":[],"class_list":{"0":"post-26128","1":"product","2":"type-product","3":"status-publish","4":"has-post-thumbnail","6":"product_cat-swe","7":"product_cat-sud_cha","9":"first","10":"instock","11":"shipping-taxable","12":"purchasable","13":"product-type-variable"},"_links":{"self":[{"href":"https:\/\/www.promotio.sk\/sk\/wp-json\/wp\/v2\/product\/26128","targetHints":{"allow":["GET"]}}],"collection":[{"href":"https:\/\/www.promotio.sk\/sk\/wp-json\/wp\/v2\/product"}],"about":[{"href":"https:\/\/www.promotio.sk\/sk\/wp-json\/wp\/v2\/types\/product"}],"replies":[{"embeddable":true,"href":"https:\/\/www.promotio.sk\/sk\/wp-json\/wp\/v2\/comments?post=26128"}],"wp:featuredmedia":[{"embeddable":true,"href":"https:\/\/www.promotio.sk\/sk\/wp-json\/wp\/v2\/media\/26129"}],"wp:attachment":[{"href":"https:\/\/www.promotio.sk\/sk\/wp-json\/wp\/v2\/media?parent=26128"}],"wp:term":[{"taxonomy":"product_cat","embeddable":true,"href":"https:\/\/www.promotio.sk\/sk\/wp-json\/wp\/v2\/product_cat?post=26128"},{"taxonomy":"product_tag","embeddable":true,"href":"https:\/\/www.promotio.sk\/sk\/wp-json\/wp\/v2\/product_tag?post=26128"}],"curies":[{"name":"wp","href":"https:\/\/api.w.org\/{rel}","templated":true}]}}