{"id":26026,"date":"2024-03-11T10:10:56","date_gmt":"2024-03-11T09:10:56","guid":{"rendered":"https:\/\/www.promotio.sk\/shop\/nezaraden\u00e9\/fuji\/"},"modified":"2024-03-11T11:23:53","modified_gmt":"2024-03-11T10:23:53","slug":"fuji","status":"publish","type":"product","link":"https:\/\/www.promotio.sk\/sk\/shop\/promo-clothing\/sud_cha\/swe\/fuji\/","title":{"rendered":"FUJI"},"content":{"rendered":"<p>Mikina z ne\u010desan\u00e9ho fl\u00edsu s detailmi vo fluorovej farbe. Centr\u00e1lny zips s kontrastn\u00fdm s\u0165ahova\u010dom. Kapuc\u0148a s pod\u0161\u00edvkou z mikroperforovanej polyesterovej tkaniny a kontrastnej fluorovej farby. S\u0165ahovacia \u0161n\u00farka a kovov\u00e9 o\u010dk\u00e1 v kontrastnej fluorovej farbe. 1\u00d71 rebro v man\u017eet\u00e1ch a p\u00e1se. Dve predn\u00e9 vreck\u00e1 so \u0161irok\u00fdm lemom. Zosilnen\u00e9 kryt\u00e9 \u0161vy na vn\u00fatornom golieri.<br \/>Zlo\u017eenie: Hlavn\u00e1 tkanina: 60% bavlna \/ 40% polyester, ne\u010desan\u00fd fleece, 280 gsm.<br \/>\nPod\u0161\u00edvka kapucne: 100% mikroperforovan\u00fd polyester.<br \/>Pozn\u00e1mky: *Heather \u0161ed\u00e1 58: 85% bavlna \/ 15% visk\u00f3za.<br \/>\n* Odn\u00edmate\u013en\u00fd \u0161t\u00edtok.<br \/>\n<br \/><img decoding=\"async\" src=\"https:\/\/static.gorfactory.es\/pics\/measures\/SU_HO.jpg\"><\/p>","protected":false},"excerpt":{"rendered":"<p>Sweat jacket in non-brushed fleece with details in fluor colour. Central zip with contrasting puller. Hood with lining in microperforated<\/p>","protected":false},"featured_media":26027,"comment_status":"open","ping_status":"closed","template":"","meta":[],"product_cat":[511,485,484],"product_tag":[],"class_list":{"0":"post-26026","1":"product","2":"type-product","3":"status-publish","4":"has-post-thumbnail","6":"product_cat-swe_h","7":"product_cat-swe","8":"product_cat-sud_cha","10":"first","11":"instock","12":"shipping-taxable","13":"purchasable","14":"product-type-variable"},"_links":{"self":[{"href":"https:\/\/www.promotio.sk\/sk\/wp-json\/wp\/v2\/product\/26026","targetHints":{"allow":["GET"]}}],"collection":[{"href":"https:\/\/www.promotio.sk\/sk\/wp-json\/wp\/v2\/product"}],"about":[{"href":"https:\/\/www.promotio.sk\/sk\/wp-json\/wp\/v2\/types\/product"}],"replies":[{"embeddable":true,"href":"https:\/\/www.promotio.sk\/sk\/wp-json\/wp\/v2\/comments?post=26026"}],"wp:featuredmedia":[{"embeddable":true,"href":"https:\/\/www.promotio.sk\/sk\/wp-json\/wp\/v2\/media\/26027"}],"wp:attachment":[{"href":"https:\/\/www.promotio.sk\/sk\/wp-json\/wp\/v2\/media?parent=26026"}],"wp:term":[{"taxonomy":"product_cat","embeddable":true,"href":"https:\/\/www.promotio.sk\/sk\/wp-json\/wp\/v2\/product_cat?post=26026"},{"taxonomy":"product_tag","embeddable":true,"href":"https:\/\/www.promotio.sk\/sk\/wp-json\/wp\/v2\/product_tag?post=26026"}],"curies":[{"name":"wp","href":"https:\/\/api.w.org\/{rel}","templated":true}]}}