{"id":25985,"date":"2024-03-11T10:07:35","date_gmt":"2024-03-11T09:07:35","guid":{"rendered":"https:\/\/www.promotio.sk\/shop\/nezaraden\u00e9\/annapurna\/"},"modified":"2024-03-11T10:10:54","modified_gmt":"2024-03-11T09:10:54","slug":"annapurna","status":"publish","type":"product","link":"https:\/\/www.promotio.sk\/sk\/shop\/promo-clothing\/sud_cha\/swe\/annapurna\/","title":{"rendered":"ANNAPURNA"},"content":{"rendered":"<p>Bavlnen\u00e1 ragl\u00e1nov\u00e1 mikina s dlh\u00fdm ruk\u00e1vom. 1\u00d71 rebro v golieri, man\u017eet\u00e1ch a p\u00e1se. Pos\u00e1dkov\u00fd v\u00fdstrih so zdoben\u00edm prekr\u00ed\u017een\u00fdmi \u0161vami a zosilnen\u00fdmi kryt\u00fdmi \u0161vami na vn\u00fatornom golieri.<br \/>Zlo\u017eenie: bavlna 100%, franc\u00fazske frot\u00e9, 260 g\/m2.<br \/>\nHeather \u0161ed\u00e1 58: 85% bavlna \/ 15% visk\u00f3za.<br \/>Pozn\u00e1mky: *Odn\u00edmate\u013en\u00fd \u0161t\u00edtok.<br \/>\n*Koncept duo.<br \/>\n<br \/><img decoding=\"async\" src=\"https:\/\/static.gorfactory.es\/pics\/measures\/SU_HO.jpg\"><\/p>","protected":false},"excerpt":{"rendered":"<p>Raglan long-sleeve cotton sweatshirt. 1&#215;1 rib in collar, cuffs and waist. Crew neck with crossed seam embellishment and reinforced covered<\/p>","protected":false},"featured_media":25986,"comment_status":"open","ping_status":"closed","template":"","meta":[],"product_cat":[485,484],"product_tag":[],"class_list":{"0":"post-25985","1":"product","2":"type-product","3":"status-publish","4":"has-post-thumbnail","6":"product_cat-swe","7":"product_cat-sud_cha","9":"first","10":"instock","11":"shipping-taxable","12":"purchasable","13":"product-type-variable"},"_links":{"self":[{"href":"https:\/\/www.promotio.sk\/sk\/wp-json\/wp\/v2\/product\/25985","targetHints":{"allow":["GET"]}}],"collection":[{"href":"https:\/\/www.promotio.sk\/sk\/wp-json\/wp\/v2\/product"}],"about":[{"href":"https:\/\/www.promotio.sk\/sk\/wp-json\/wp\/v2\/types\/product"}],"replies":[{"embeddable":true,"href":"https:\/\/www.promotio.sk\/sk\/wp-json\/wp\/v2\/comments?post=25985"}],"wp:featuredmedia":[{"embeddable":true,"href":"https:\/\/www.promotio.sk\/sk\/wp-json\/wp\/v2\/media\/25986"}],"wp:attachment":[{"href":"https:\/\/www.promotio.sk\/sk\/wp-json\/wp\/v2\/media?parent=25985"}],"wp:term":[{"taxonomy":"product_cat","embeddable":true,"href":"https:\/\/www.promotio.sk\/sk\/wp-json\/wp\/v2\/product_cat?post=25985"},{"taxonomy":"product_tag","embeddable":true,"href":"https:\/\/www.promotio.sk\/sk\/wp-json\/wp\/v2\/product_tag?post=25985"}],"curies":[{"name":"wp","href":"https:\/\/api.w.org\/{rel}","templated":true}]}}