{"id":25769,"date":"2024-03-11T09:46:11","date_gmt":"2024-03-11T08:46:11","guid":{"rendered":"https:\/\/www.promotio.sk\/shop\/nezaraden\u00e9\/capucha\/"},"modified":"2024-03-11T11:21:49","modified_gmt":"2024-03-11T10:21:49","slug":"capucha","status":"publish","type":"product","link":"https:\/\/www.promotio.sk\/sk\/shop\/promo-clothing\/sud_cha\/swe\/capucha\/","title":{"rendered":"CAPUCHA"},"content":{"rendered":"<p>Mikina s kapuc\u0148ou, vreckom v \u0161t\u00fdle klokana a plochou nastavite\u013enou \u0161n\u00farkou. 1\u00d71 elastanov\u00e9 rebrovanie na man\u017eet\u00e1ch a p\u00e1se. Detsk\u00e9 ve\u013ekosti bez s\u0165ahovacej \u0161n\u00farky.<br \/>Zlo\u017eenie: 50% bavlna \/ 50% polyester, \u010desan\u00fd fleece, 280 gsm.<br \/>\nHeather \u0161ed\u00e1 58: 55% bavlna \/ 40% polyester \/ 5% visk\u00f3za.<br \/>Pozn\u00e1mky: *Odn\u00edmate\u013en\u00fd \u0161t\u00edtok.<br \/>\n*K dispoz\u00edcii s\u00fa detsk\u00e9 ve\u013ekosti.<br \/>\n**Detsk\u00e1 mikina bez s\u0165ahovac\u00edch \u0161n\u00farok<br \/>\n*Pri tla\u010di v\u017edy zv\u00e1\u017ete obmedzenia tohto typu tkaniny a potrebu chr\u00e1ni\u0165 atrament pred migr\u00e1ciou.<br \/><img decoding=\"async\" src=\"https:\/\/static.gorfactory.es\/pics\/measures\/SU1087.jpg\"><\/p>","protected":false},"excerpt":{"rendered":"<p>Hooded sweatshirt with kangaroo style pocket and flat adjustable drawcord. 1&#215;1 elastane rib in cuffs and waistband. Kids sizes without<\/p>","protected":false},"featured_media":25770,"comment_status":"open","ping_status":"closed","template":"","meta":[],"product_cat":[511,485,484],"product_tag":[],"class_list":{"0":"post-25769","1":"product","2":"type-product","3":"status-publish","4":"has-post-thumbnail","6":"product_cat-swe_h","7":"product_cat-swe","8":"product_cat-sud_cha","10":"first","11":"instock","12":"shipping-taxable","13":"purchasable","14":"product-type-variable"},"_links":{"self":[{"href":"https:\/\/www.promotio.sk\/sk\/wp-json\/wp\/v2\/product\/25769","targetHints":{"allow":["GET"]}}],"collection":[{"href":"https:\/\/www.promotio.sk\/sk\/wp-json\/wp\/v2\/product"}],"about":[{"href":"https:\/\/www.promotio.sk\/sk\/wp-json\/wp\/v2\/types\/product"}],"replies":[{"embeddable":true,"href":"https:\/\/www.promotio.sk\/sk\/wp-json\/wp\/v2\/comments?post=25769"}],"wp:featuredmedia":[{"embeddable":true,"href":"https:\/\/www.promotio.sk\/sk\/wp-json\/wp\/v2\/media\/25770"}],"wp:attachment":[{"href":"https:\/\/www.promotio.sk\/sk\/wp-json\/wp\/v2\/media?parent=25769"}],"wp:term":[{"taxonomy":"product_cat","embeddable":true,"href":"https:\/\/www.promotio.sk\/sk\/wp-json\/wp\/v2\/product_cat?post=25769"},{"taxonomy":"product_tag","embeddable":true,"href":"https:\/\/www.promotio.sk\/sk\/wp-json\/wp\/v2\/product_tag?post=25769"}],"curies":[{"name":"wp","href":"https:\/\/api.w.org\/{rel}","templated":true}]}}