{"id":25703,"date":"2024-03-11T09:40:25","date_gmt":"2024-03-11T08:40:25","guid":{"rendered":"https:\/\/www.promotio.sk\/shop\/nezaraden\u00e9\/vinson\/"},"modified":"2024-03-11T11:23:05","modified_gmt":"2024-03-11T10:23:05","slug":"vinson","status":"publish","type":"product","link":"https:\/\/www.promotio.sk\/sk\/shop\/promo-clothing\/sud_cha\/swe\/vinson\/","title":{"rendered":"VINSON"},"content":{"rendered":"<p>Unisex mikina s kapuc\u0148ou z organickej bavlny a recyklovan\u00e9ho polyesteru. Vrecko v \u0161t\u00fdle klokanky. Jednod\u017eersejov\u00e1 pod\u0161\u00edvka v kapucni. Okr\u00fahla nastavite\u013en\u00e1 \u0161n\u00farka a vy\u0161\u00edvan\u00e9 o\u010dk\u00e1. Man\u017eety a p\u00e1s z rebrovanej l\u00e1tky 2\u00d71. <br \/>Zlo\u017eenie: 70% organick\u00e1 bavlna 30% recyklovan\u00fd polyester, ply\u0161ov\u00fd \u00faplet, 300 g\/m2.<br \/>\nVresovit\u00e1 siv\u00e1 farba (58): 53% organick\u00e1 bavlna \/ 40% recyklovan\u00fd polyester \/ 7% visk\u00f3za.<br \/>Pozn\u00e1mky: *Odn\u00edmate\u013en\u00fd ECO \u0161t\u00edtok.<br \/>\n* Jednotliv\u00e9 recyklovan\u00e9 obaly.<br \/>\n*Unisex model.<br \/><img decoding=\"async\" src=\"https:\/\/static.gorfactory.es\/pics\/measures\/SU_HO.jpg\"><\/p>","protected":false},"excerpt":{"rendered":"<p>Unisex hoodie in organic cotton and recycled polyester. Kangaroo style pocket. Single jersey lining in hood. Round adjustable drawcord and<\/p>","protected":false},"featured_media":25704,"comment_status":"open","ping_status":"closed","template":"","meta":[],"product_cat":[511,485,484],"product_tag":[],"class_list":{"0":"post-25703","1":"product","2":"type-product","3":"status-publish","4":"has-post-thumbnail","6":"product_cat-swe_h","7":"product_cat-swe","8":"product_cat-sud_cha","10":"first","11":"instock","12":"shipping-taxable","13":"purchasable","14":"product-type-variable"},"_links":{"self":[{"href":"https:\/\/www.promotio.sk\/sk\/wp-json\/wp\/v2\/product\/25703","targetHints":{"allow":["GET"]}}],"collection":[{"href":"https:\/\/www.promotio.sk\/sk\/wp-json\/wp\/v2\/product"}],"about":[{"href":"https:\/\/www.promotio.sk\/sk\/wp-json\/wp\/v2\/types\/product"}],"replies":[{"embeddable":true,"href":"https:\/\/www.promotio.sk\/sk\/wp-json\/wp\/v2\/comments?post=25703"}],"wp:featuredmedia":[{"embeddable":true,"href":"https:\/\/www.promotio.sk\/sk\/wp-json\/wp\/v2\/media\/25704"}],"wp:attachment":[{"href":"https:\/\/www.promotio.sk\/sk\/wp-json\/wp\/v2\/media?parent=25703"}],"wp:term":[{"taxonomy":"product_cat","embeddable":true,"href":"https:\/\/www.promotio.sk\/sk\/wp-json\/wp\/v2\/product_cat?post=25703"},{"taxonomy":"product_tag","embeddable":true,"href":"https:\/\/www.promotio.sk\/sk\/wp-json\/wp\/v2\/product_tag?post=25703"}],"curies":[{"name":"wp","href":"https:\/\/api.w.org\/{rel}","templated":true}]}}