{"id":24829,"date":"2024-03-11T08:26:36","date_gmt":"2024-03-11T07:26:36","guid":{"rendered":"https:\/\/www.promotio.sk\/shop\/nezaraden\u00e9\/urban\/"},"modified":"2024-03-11T11:22:27","modified_gmt":"2024-03-11T10:22:27","slug":"urban","status":"publish","type":"product","link":"https:\/\/www.promotio.sk\/sk\/shop\/promo-clothing\/sud_cha\/swe\/urban\/","title":{"rendered":"URBAN"},"content":{"rendered":"<p>Dvojfarebn\u00e1 mikina s kapuc\u0148ou z dvojitej l\u00e1tky, kontrastn\u00e1 nastavite\u013en\u00e1 \u0161n\u00farka, zosilnen\u00e9 kryt\u00e9 \u0161vy v golieri a vrecko v \u0161t\u00fdle klokana. 1\u00d71 elastanov\u00e9 rebrovanie na man\u017eet\u00e1ch a p\u00e1se. Detsk\u00e9 ve\u013ekosti bez s\u0165ahovacej \u0161n\u00farky. <br \/>Zlo\u017eenie: 50% bavlna \/ 50% polyester, 280 gsm \u010desan\u00fd fleece.<br \/>\nHeather \u0161ed\u00e1 58: 55% bavlna \/ 40% polyester \/ 5% visk\u00f3za.<br \/>Pozn\u00e1mky: *Odn\u00edmate\u013en\u00fd \u0161t\u00edtok.<br \/>\n*Koncept duo.<br \/>\n*K dispoz\u00edcii s\u00fa detsk\u00e9 ve\u013ekosti.<br \/>\n*Detsk\u00e1 mikina bez s\u0165ahovac\u00edch \u0161n\u00farok<br \/><img decoding=\"async\" src=\"https:\/\/static.gorfactory.es\/pics\/measures\/SU1067.jpg\"><\/p>","protected":false},"excerpt":{"rendered":"<p>Two-colour hoodie with double fabric, contrasting adjustable drawcord, reinforced covered seams in collar and kangaroo style pocket. 1&#215;1 elastane rib<\/p>","protected":false},"featured_media":24830,"comment_status":"open","ping_status":"closed","template":"","meta":[],"product_cat":[511,485,484],"product_tag":[],"class_list":{"0":"post-24829","1":"product","2":"type-product","3":"status-publish","4":"has-post-thumbnail","6":"product_cat-swe_h","7":"product_cat-swe","8":"product_cat-sud_cha","10":"first","11":"instock","12":"shipping-taxable","13":"purchasable","14":"product-type-variable"},"_links":{"self":[{"href":"https:\/\/www.promotio.sk\/sk\/wp-json\/wp\/v2\/product\/24829","targetHints":{"allow":["GET"]}}],"collection":[{"href":"https:\/\/www.promotio.sk\/sk\/wp-json\/wp\/v2\/product"}],"about":[{"href":"https:\/\/www.promotio.sk\/sk\/wp-json\/wp\/v2\/types\/product"}],"replies":[{"embeddable":true,"href":"https:\/\/www.promotio.sk\/sk\/wp-json\/wp\/v2\/comments?post=24829"}],"wp:featuredmedia":[{"embeddable":true,"href":"https:\/\/www.promotio.sk\/sk\/wp-json\/wp\/v2\/media\/24830"}],"wp:attachment":[{"href":"https:\/\/www.promotio.sk\/sk\/wp-json\/wp\/v2\/media?parent=24829"}],"wp:term":[{"taxonomy":"product_cat","embeddable":true,"href":"https:\/\/www.promotio.sk\/sk\/wp-json\/wp\/v2\/product_cat?post=24829"},{"taxonomy":"product_tag","embeddable":true,"href":"https:\/\/www.promotio.sk\/sk\/wp-json\/wp\/v2\/product_tag?post=24829"}],"curies":[{"name":"wp","href":"https:\/\/api.w.org\/{rel}","templated":true}]}}