{"id":24623,"date":"2024-03-11T08:16:15","date_gmt":"2024-03-11T07:16:15","guid":{"rendered":"https:\/\/www.promotio.sk\/shop\/nezaraden\u00e9\/veleta\/"},"modified":"2024-03-11T11:23:30","modified_gmt":"2024-03-11T10:23:30","slug":"veleta","status":"publish","type":"product","link":"https:\/\/www.promotio.sk\/sk\/shop\/promo-clothing\/sud_cha\/swe\/veleta\/","title":{"rendered":"VELETA"},"content":{"rendered":"<p>D\u00e1mska tepl\u00e1kov\u00e1 bunda so zladenou pod\u0161\u00edvkou kapucne.<br \/>\n1.- Predn\u00fd kovov\u00fd zips.<br \/>\n2.- Vrecko v \u0161t\u00fdle klokanky.<br \/>\n3.- Zosilnen\u00e9 kryt\u00e9 \u0161vy na vn\u00fatornom golieri.<br \/>\n4.- 2\u00d72 rebrovan\u00fd \u00faplet v man\u017eet\u00e1ch a p\u00e1se.<br \/>\n5.- Vypasovan\u00fd strih.<br \/>Zlo\u017eenie: 50% bavlna \/ 50% polyester, \u010desan\u00fd fleece, 280 gsm.<br \/>\nHeather \u0161ed\u00e1 58: 55% bavlna \/ 40% polyester \/ 5% visk\u00f3za. <br \/>Pozn\u00e1mky: *Kovov\u00fd zips striebornej farby.<br \/>\n* Odn\u00edmate\u013en\u00fd \u0161t\u00edtok.<br \/>\n<br \/><img decoding=\"async\" src=\"https:\/\/static.gorfactory.es\/pics\/measures\/CQ_HOMU.jpg\"><\/p>","protected":false},"excerpt":{"rendered":"<p>Women&#8217;s sweat jacket with matching hood lining. 1.- Front metal zip. 2.- Kangaroo style pocket. 3.- Reinforced covered seams on<\/p>","protected":false},"featured_media":24624,"comment_status":"open","ping_status":"closed","template":"","meta":[],"product_cat":[511,485,484],"product_tag":[],"class_list":{"0":"post-24623","1":"product","2":"type-product","3":"status-publish","4":"has-post-thumbnail","6":"product_cat-swe_h","7":"product_cat-swe","8":"product_cat-sud_cha","10":"first","11":"instock","12":"shipping-taxable","13":"purchasable","14":"product-type-variable"},"_links":{"self":[{"href":"https:\/\/www.promotio.sk\/sk\/wp-json\/wp\/v2\/product\/24623","targetHints":{"allow":["GET"]}}],"collection":[{"href":"https:\/\/www.promotio.sk\/sk\/wp-json\/wp\/v2\/product"}],"about":[{"href":"https:\/\/www.promotio.sk\/sk\/wp-json\/wp\/v2\/types\/product"}],"replies":[{"embeddable":true,"href":"https:\/\/www.promotio.sk\/sk\/wp-json\/wp\/v2\/comments?post=24623"}],"wp:featuredmedia":[{"embeddable":true,"href":"https:\/\/www.promotio.sk\/sk\/wp-json\/wp\/v2\/media\/24624"}],"wp:attachment":[{"href":"https:\/\/www.promotio.sk\/sk\/wp-json\/wp\/v2\/media?parent=24623"}],"wp:term":[{"taxonomy":"product_cat","embeddable":true,"href":"https:\/\/www.promotio.sk\/sk\/wp-json\/wp\/v2\/product_cat?post=24623"},{"taxonomy":"product_tag","embeddable":true,"href":"https:\/\/www.promotio.sk\/sk\/wp-json\/wp\/v2\/product_tag?post=24623"}],"curies":[{"name":"wp","href":"https:\/\/api.w.org\/{rel}","templated":true}]}}