{"id":24441,"date":"2024-03-11T08:07:32","date_gmt":"2024-03-11T07:07:32","guid":{"rendered":"https:\/\/www.promotio.sk\/shop\/nezaraden\u00e9\/montblanc\/"},"modified":"2024-03-11T08:12:15","modified_gmt":"2024-03-11T07:12:15","slug":"montblanc","status":"publish","type":"product","link":"https:\/\/www.promotio.sk\/sk\/shop\/promo-clothing\/sud_cha\/swe\/montblanc\/","title":{"rendered":"MONTBLANC"},"content":{"rendered":"<p>Mikina s kapuc\u0148ou, vysok\u00fdm v\u00fdstrihom a celoprep\u00ednac\u00edm zipsom. Rebrovan\u00fd detail na kapucni a lemovan\u00ed vreciek. Vrecko v \u0161t\u00fdle klokanky. 2\u00d72 rebr\u00e1 na man\u017eet\u00e1ch a p\u00e1se.<br \/>Zlo\u017eenie: 50% bavlna \/ 50% polyester, \u010desan\u00fd fleece, 280 gsm.<br \/>\n3% elastan v man\u017eet\u00e1ch.<br \/>\nHeather \u0161ed\u00e1 58: 55% bavlna \/ 40% polyester \/ 5% visk\u00f3za.<br \/>Pozn\u00e1mky: *K dispoz\u00edcii s\u00fa detsk\u00e9 ve\u013ekosti.<br \/>\n* Odn\u00edmate\u013en\u00fd \u0161t\u00edtok.<br \/><img decoding=\"async\" src=\"https:\/\/static.gorfactory.es\/pics\/measures\/CQ6421.jpg\"><\/p>","protected":false},"excerpt":{"rendered":"<p>Sweat hooded jacket with high neck and full zip. Ribbed detail in hood and pocket piping. Kangaroo style pocket. 2&#215;2<\/p>","protected":false},"featured_media":24442,"comment_status":"open","ping_status":"closed","template":"","meta":[],"product_cat":[485,484],"product_tag":[],"class_list":{"0":"post-24441","1":"product","2":"type-product","3":"status-publish","4":"has-post-thumbnail","6":"product_cat-swe","7":"product_cat-sud_cha","9":"first","10":"instock","11":"shipping-taxable","12":"purchasable","13":"product-type-variable"},"_links":{"self":[{"href":"https:\/\/www.promotio.sk\/sk\/wp-json\/wp\/v2\/product\/24441","targetHints":{"allow":["GET"]}}],"collection":[{"href":"https:\/\/www.promotio.sk\/sk\/wp-json\/wp\/v2\/product"}],"about":[{"href":"https:\/\/www.promotio.sk\/sk\/wp-json\/wp\/v2\/types\/product"}],"replies":[{"embeddable":true,"href":"https:\/\/www.promotio.sk\/sk\/wp-json\/wp\/v2\/comments?post=24441"}],"wp:featuredmedia":[{"embeddable":true,"href":"https:\/\/www.promotio.sk\/sk\/wp-json\/wp\/v2\/media\/24442"}],"wp:attachment":[{"href":"https:\/\/www.promotio.sk\/sk\/wp-json\/wp\/v2\/media?parent=24441"}],"wp:term":[{"taxonomy":"product_cat","embeddable":true,"href":"https:\/\/www.promotio.sk\/sk\/wp-json\/wp\/v2\/product_cat?post=24441"},{"taxonomy":"product_tag","embeddable":true,"href":"https:\/\/www.promotio.sk\/sk\/wp-json\/wp\/v2\/product_tag?post=24441"}],"curies":[{"name":"wp","href":"https:\/\/api.w.org\/{rel}","templated":true}]}}