{"id":24439,"date":"2024-03-11T08:07:26","date_gmt":"2024-03-11T07:07:26","guid":{"rendered":"https:\/\/www.promotio.sk\/shop\/nezaraden\u00e9\/artic-woman\/"},"modified":"2024-03-11T21:32:20","modified_gmt":"2024-03-11T20:32:20","slug":"artic-woman","status":"publish","type":"product","link":"https:\/\/www.promotio.sk\/sk\/shop\/promo-clothing\/sud_cha\/swe\/artic-woman\/","title":{"rendered":"ARTICK\u00c1 \u017dENA"},"content":{"rendered":"<p>Fleecov\u00e1 tepl\u00e1kov\u00e1 bunda s vysok\u00fdm pod\u0161it\u00fdm golierom a zodpovedaj\u00facimi zosilnen\u00fdmi kryt\u00fdmi \u0161vami. Vstrekovan\u00fd zips so zodpovedaj\u00facim s\u0165ahova\u010dom vyroben\u00fdm z l\u00e1tky. Man\u017eety s elastick\u00fdm lemom. Bo\u010dn\u00e9 vreck\u00e1. Vypasovan\u00fd strih. Spodn\u00fd lem s vn\u00fatorn\u00fdmi bo\u010dn\u00fdmi nastavova\u010dmi.<br \/>Zlo\u017eenie: 100% polyester, fleece, 300 gsm.<br \/>Pozn\u00e1mky: * Odn\u00edmate\u013en\u00fd \u0161t\u00edtok.<br \/>\n* Koncept duo<br \/><img decoding=\"async\" src=\"https:\/\/static.gorfactory.es\/pics\/measures\/CQ_HOMU.jpg\"><\/p>","protected":false},"excerpt":{"rendered":"<p>Fleece sweat jacket with high lined collar and matching reinforced covered seams. Injected zip with matching puller made of fabric.<\/p>","protected":false},"featured_media":24440,"comment_status":"open","ping_status":"closed","template":"","meta":[],"product_cat":[512,485,484],"product_tag":[],"class_list":{"0":"post-24439","1":"product","2":"type-product","3":"status-publish","4":"has-post-thumbnail","6":"product_cat-pol","7":"product_cat-swe","8":"product_cat-sud_cha","10":"first","11":"instock","12":"shipping-taxable","13":"purchasable","14":"product-type-variable"},"_links":{"self":[{"href":"https:\/\/www.promotio.sk\/sk\/wp-json\/wp\/v2\/product\/24439","targetHints":{"allow":["GET"]}}],"collection":[{"href":"https:\/\/www.promotio.sk\/sk\/wp-json\/wp\/v2\/product"}],"about":[{"href":"https:\/\/www.promotio.sk\/sk\/wp-json\/wp\/v2\/types\/product"}],"replies":[{"embeddable":true,"href":"https:\/\/www.promotio.sk\/sk\/wp-json\/wp\/v2\/comments?post=24439"}],"wp:featuredmedia":[{"embeddable":true,"href":"https:\/\/www.promotio.sk\/sk\/wp-json\/wp\/v2\/media\/24440"}],"wp:attachment":[{"href":"https:\/\/www.promotio.sk\/sk\/wp-json\/wp\/v2\/media?parent=24439"}],"wp:term":[{"taxonomy":"product_cat","embeddable":true,"href":"https:\/\/www.promotio.sk\/sk\/wp-json\/wp\/v2\/product_cat?post=24439"},{"taxonomy":"product_tag","embeddable":true,"href":"https:\/\/www.promotio.sk\/sk\/wp-json\/wp\/v2\/product_tag?post=24439"}],"curies":[{"name":"wp","href":"https:\/\/api.w.org\/{rel}","templated":true}]}}