{"id":24214,"date":"2024-03-10T22:07:43","date_gmt":"2024-03-10T21:07:43","guid":{"rendered":"https:\/\/www.promotio.sk\/shop\/nezaraden\u00e9\/everest\/"},"modified":"2024-03-11T11:24:51","modified_gmt":"2024-03-11T10:24:51","slug":"everest","status":"publish","type":"product","link":"https:\/\/www.promotio.sk\/sk\/shop\/promo-clothing\/sud_cha\/swe\/everest\/","title":{"rendered":"EVEREST"},"content":{"rendered":"<p>Ply\u0161ov\u00e1 pleten\u00e1 tepl\u00e1kov\u00e1 bunda s kapuc\u0148ou.<br \/>\n1. Vstrekovan\u00e9 zipsy s dizajnov\u00fdmi \u0165ah\u00e1\u010dikmi.<br \/>\n2. Centr\u00e1lny zips s chr\u00e1ni\u010dom brady.<br \/>\n3. Vysok\u00fd krk s dizajnov\u00fdmi \u00fapravami a kryt\u00fdmi \u0161vami.<br \/>\n4. Druh\u00fd ozdobn\u00fd zips na krku pre \u013eahk\u00e9 otv\u00e1ranie.<br \/>\n5. Dve predn\u00e9 vreck\u00e1 na zips.<br \/>\n6. Zadn\u00e1 strana dlh\u0161ia ako predn\u00e1 s dizajnov\u00fdmi \u00fapravami.<br \/>Zlo\u017eenie: 100% polyester, ply\u0161ov\u00fd \u00faplet, 280 g\/m2.<br \/>Pozn\u00e1mky: * Odn\u00edmate\u013en\u00fd \u0161t\u00edtok.<br \/><img decoding=\"async\" src=\"https:\/\/static.gorfactory.es\/pics\/measures\/CQ_HOMU.jpg\"><\/p>","protected":false},"excerpt":{"rendered":"<p>Plush knitted sweat jacket with hood. 1. Injected zips with design pullers. 2. Central zip with chin protector. 3. High<\/p>","protected":false},"featured_media":24215,"comment_status":"open","ping_status":"closed","template":"","meta":[],"product_cat":[511,485,484],"product_tag":[],"class_list":{"0":"post-24214","1":"product","2":"type-product","3":"status-publish","4":"has-post-thumbnail","6":"product_cat-swe_h","7":"product_cat-swe","8":"product_cat-sud_cha","10":"first","11":"instock","12":"shipping-taxable","13":"purchasable","14":"product-type-variable"},"_links":{"self":[{"href":"https:\/\/www.promotio.sk\/sk\/wp-json\/wp\/v2\/product\/24214","targetHints":{"allow":["GET"]}}],"collection":[{"href":"https:\/\/www.promotio.sk\/sk\/wp-json\/wp\/v2\/product"}],"about":[{"href":"https:\/\/www.promotio.sk\/sk\/wp-json\/wp\/v2\/types\/product"}],"replies":[{"embeddable":true,"href":"https:\/\/www.promotio.sk\/sk\/wp-json\/wp\/v2\/comments?post=24214"}],"wp:featuredmedia":[{"embeddable":true,"href":"https:\/\/www.promotio.sk\/sk\/wp-json\/wp\/v2\/media\/24215"}],"wp:attachment":[{"href":"https:\/\/www.promotio.sk\/sk\/wp-json\/wp\/v2\/media?parent=24214"}],"wp:term":[{"taxonomy":"product_cat","embeddable":true,"href":"https:\/\/www.promotio.sk\/sk\/wp-json\/wp\/v2\/product_cat?post=24214"},{"taxonomy":"product_tag","embeddable":true,"href":"https:\/\/www.promotio.sk\/sk\/wp-json\/wp\/v2\/product_tag?post=24214"}],"curies":[{"name":"wp","href":"https:\/\/api.w.org\/{rel}","templated":true}]}}