{"id":24211,"date":"2024-03-10T22:07:31","date_gmt":"2024-03-10T21:07:31","guid":{"rendered":"https:\/\/www.promotio.sk\/shop\/nezaraden\u00e9\/elbrus\/"},"modified":"2024-03-10T22:10:43","modified_gmt":"2024-03-10T21:10:43","slug":"elbrus","status":"publish","type":"product","link":"https:\/\/www.promotio.sk\/sk\/shop\/promo-clothing\/sud_cha\/swe\/elbrus\/","title":{"rendered":"ELBRUS"},"content":{"rendered":"<p>\u010cesan\u00e1 fleecov\u00e1 mikina s dlh\u00fdm ruk\u00e1vom a mandar\u00ednkov\u00fdm golierom. Zosilnen\u00e9 kryt\u00e9 \u0161vy vo vn\u00fatornom golieri. Centr\u00e1lny zips so zodpovedaj\u00facim \u0165ah\u00e1kom. Bo\u010dn\u00e9 vreck\u00e1. 1\u00d71 rebro v man\u017eet\u00e1ch a p\u00e1se.<br \/>Zlo\u017eenie: 50% bavlna\/ 50% polyester, \u010desan\u00fd fleece. 290 gsm.<br \/>Pozn\u00e1mky: *Odn\u00edmate\u013en\u00fd \u0161t\u00edtok.<br \/>\n<br \/><img decoding=\"async\" src=\"https:\/\/static.gorfactory.es\/pics\/measures\/CQ_HOMU.jpg\"><\/p>","protected":false},"excerpt":{"rendered":"<p>Long-sleeve brushed fleece sweat jacket with mandarine collar. Reinforced covered seams in inner collar. Central zip with matching puller. Side<\/p>","protected":false},"featured_media":24212,"comment_status":"open","ping_status":"closed","template":"","meta":[],"product_cat":[485,484],"product_tag":[],"class_list":{"0":"post-24211","1":"product","2":"type-product","3":"status-publish","4":"has-post-thumbnail","6":"product_cat-swe","7":"product_cat-sud_cha","9":"first","10":"instock","11":"shipping-taxable","12":"purchasable","13":"product-type-variable"},"_links":{"self":[{"href":"https:\/\/www.promotio.sk\/sk\/wp-json\/wp\/v2\/product\/24211","targetHints":{"allow":["GET"]}}],"collection":[{"href":"https:\/\/www.promotio.sk\/sk\/wp-json\/wp\/v2\/product"}],"about":[{"href":"https:\/\/www.promotio.sk\/sk\/wp-json\/wp\/v2\/types\/product"}],"replies":[{"embeddable":true,"href":"https:\/\/www.promotio.sk\/sk\/wp-json\/wp\/v2\/comments?post=24211"}],"wp:featuredmedia":[{"embeddable":true,"href":"https:\/\/www.promotio.sk\/sk\/wp-json\/wp\/v2\/media\/24212"}],"wp:attachment":[{"href":"https:\/\/www.promotio.sk\/sk\/wp-json\/wp\/v2\/media?parent=24211"}],"wp:term":[{"taxonomy":"product_cat","embeddable":true,"href":"https:\/\/www.promotio.sk\/sk\/wp-json\/wp\/v2\/product_cat?post=24211"},{"taxonomy":"product_tag","embeddable":true,"href":"https:\/\/www.promotio.sk\/sk\/wp-json\/wp\/v2\/product_tag?post=24211"}],"curies":[{"name":"wp","href":"https:\/\/api.w.org\/{rel}","templated":true}]}}