{"id":24031,"date":"2024-03-10T19:43:54","date_gmt":"2024-03-10T18:43:54","guid":{"rendered":"https:\/\/www.promotio.sk\/shop\/nezaraden\u00e9\/imperium\/"},"modified":"2024-03-10T19:51:31","modified_gmt":"2024-03-10T18:51:31","slug":"imperium","status":"publish","type":"product","link":"https:\/\/www.promotio.sk\/sk\/shop\/pol_s\/imperium\/","title":{"rendered":"IMPERIUM"},"content":{"rendered":"<p>Vysoko kvalitn\u00e1 poloko\u0161e\u013ea s kr\u00e1tkym ruk\u00e1vom z pr\u00edjemnej l\u00e1tky. Zodpovedaj\u00faca l\u00e9ga s 3 gomb\u00edkmi v golieri. 1\u00d71 rebrovan\u00fd golier a man\u017eety. Zosilnen\u00e9 kryt\u00e9 \u0161vy vo vn\u00fatri krku. Bo\u010dn\u00e9 rozparky so zodpovedaj\u00facim pre\u0161\u00edvan\u00edm po\u0165ahu. Vzor vzadu je o nie\u010do dlh\u0161\u00ed ako vpredu. Dvojit\u00e9 pre\u0161\u00edvanie na ramen\u00e1ch, ruk\u00e1voch a leme odevu.<br \/>Zlo\u017eenie: 100% \u010desan\u00e1 bavlna, pik\u00e9 \u00faplet, 220 gsm.<br \/>\nHeather \u0161ed\u00e1 58: 85% bavlna \/ 15% visk\u00f3za.<br \/>Pozn\u00e1mky: *Odn\u00edmate\u013en\u00fd \u0161t\u00edtok.<br \/>\n* Volite\u013en\u00e9 vrecko.<br \/><img decoding=\"async\" src=\"https:\/\/static.gorfactory.es\/pics\/measures\/PO_MC_HO.jpg\"><\/p>","protected":false},"excerpt":{"rendered":"<p>High quality short-sleeve polo shirt in comfortable fabric. Matching 3-button placket in collar. 1&#215;1 ribbed collar and cuffs. Reinforced covered<\/p>","protected":false},"featured_media":24032,"comment_status":"open","ping_status":"closed","template":"","meta":[],"product_cat":[434],"product_tag":[],"class_list":{"0":"post-24031","1":"product","2":"type-product","3":"status-publish","4":"has-post-thumbnail","6":"product_cat-pol_s","8":"first","9":"instock","10":"shipping-taxable","11":"purchasable","12":"product-type-variable"},"_links":{"self":[{"href":"https:\/\/www.promotio.sk\/sk\/wp-json\/wp\/v2\/product\/24031","targetHints":{"allow":["GET"]}}],"collection":[{"href":"https:\/\/www.promotio.sk\/sk\/wp-json\/wp\/v2\/product"}],"about":[{"href":"https:\/\/www.promotio.sk\/sk\/wp-json\/wp\/v2\/types\/product"}],"replies":[{"embeddable":true,"href":"https:\/\/www.promotio.sk\/sk\/wp-json\/wp\/v2\/comments?post=24031"}],"wp:featuredmedia":[{"embeddable":true,"href":"https:\/\/www.promotio.sk\/sk\/wp-json\/wp\/v2\/media\/24032"}],"wp:attachment":[{"href":"https:\/\/www.promotio.sk\/sk\/wp-json\/wp\/v2\/media?parent=24031"}],"wp:term":[{"taxonomy":"product_cat","embeddable":true,"href":"https:\/\/www.promotio.sk\/sk\/wp-json\/wp\/v2\/product_cat?post=24031"},{"taxonomy":"product_tag","embeddable":true,"href":"https:\/\/www.promotio.sk\/sk\/wp-json\/wp\/v2\/product_tag?post=24031"}],"curies":[{"name":"wp","href":"https:\/\/api.w.org\/{rel}","templated":true}]}}