{"id":23944,"date":"2024-03-10T19:39:34","date_gmt":"2024-03-10T18:39:34","guid":{"rendered":"https:\/\/www.promotio.sk\/shop\/nezaraden\u00e9\/nation\/"},"modified":"2024-03-10T19:41:13","modified_gmt":"2024-03-10T18:41:13","slug":"nation","status":"publish","type":"product","link":"https:\/\/www.promotio.sk\/sk\/shop\/pol_s\/nation\/","title":{"rendered":"NATION"},"content":{"rendered":"<p>Poloko\u0161e\u013ea s kr\u00e1tkym ruk\u00e1vom, \u017eak\u00e1rov\u00fd golier a man\u017eety s l\u00e9gou na tri gomb\u00edky. Zosilnen\u00e9 kryt\u00e9 \u0161vy v golieri. Na chrbte vy\u0161it\u00fd mot\u00edv vlajky.<br \/>Zlo\u017eenie: 60% bavlna\/ 40% polyester, pik\u00e9 \u00faplet.<br \/>\nBiela: 210 gsm.<br \/>\nFarba: 190 gsm.<br \/>Pozn\u00e1mky: *Volite\u013en\u00e9 vrecko.<br \/>\n* Odn\u00edmate\u013en\u00fd \u0161t\u00edtok.<br \/>\n*O\u0161etrenie ANTI-PILLING.<br \/><img decoding=\"async\" src=\"https:\/\/static.gorfactory.es\/pics\/measures\/PO_MC_HO.jpg\"><\/p>","protected":false},"excerpt":{"rendered":"<p>Short-sleeve polo shirt, jacquard collar and cuffs with three-button placket. Reinforced covered seams in collar. Flag motif embroidered on the<\/p>","protected":false},"featured_media":23945,"comment_status":"open","ping_status":"closed","template":"","meta":[],"product_cat":[434],"product_tag":[],"class_list":{"0":"post-23944","1":"product","2":"type-product","3":"status-publish","4":"has-post-thumbnail","6":"product_cat-pol_s","8":"first","9":"instock","10":"shipping-taxable","11":"purchasable","12":"product-type-variable"},"_links":{"self":[{"href":"https:\/\/www.promotio.sk\/sk\/wp-json\/wp\/v2\/product\/23944","targetHints":{"allow":["GET"]}}],"collection":[{"href":"https:\/\/www.promotio.sk\/sk\/wp-json\/wp\/v2\/product"}],"about":[{"href":"https:\/\/www.promotio.sk\/sk\/wp-json\/wp\/v2\/types\/product"}],"replies":[{"embeddable":true,"href":"https:\/\/www.promotio.sk\/sk\/wp-json\/wp\/v2\/comments?post=23944"}],"wp:featuredmedia":[{"embeddable":true,"href":"https:\/\/www.promotio.sk\/sk\/wp-json\/wp\/v2\/media\/23945"}],"wp:attachment":[{"href":"https:\/\/www.promotio.sk\/sk\/wp-json\/wp\/v2\/media?parent=23944"}],"wp:term":[{"taxonomy":"product_cat","embeddable":true,"href":"https:\/\/www.promotio.sk\/sk\/wp-json\/wp\/v2\/product_cat?post=23944"},{"taxonomy":"product_tag","embeddable":true,"href":"https:\/\/www.promotio.sk\/sk\/wp-json\/wp\/v2\/product_tag?post=23944"}],"curies":[{"name":"wp","href":"https:\/\/api.w.org\/{rel}","templated":true}]}}