{"id":23777,"date":"2024-03-10T19:30:34","date_gmt":"2024-03-10T18:30:34","guid":{"rendered":"https:\/\/www.promotio.sk\/shop\/nezaraden\u00e9\/sublima\/"},"modified":"2024-03-10T19:32:10","modified_gmt":"2024-03-10T18:32:10","slug":"sublima","status":"publish","type":"product","link":"https:\/\/www.promotio.sk\/sk\/shop\/promo-clothing\/tee-shirts\/cam\/sublima\/","title":{"rendered":"SUBLIMA"},"content":{"rendered":"<p>Tri\u010dko s kr\u00e1tkym ruk\u00e1vom a rebrovan\u00fdm v\u00fdstrihom z rovnakej l\u00e1tky a bo\u010dn\u00fdmi \u0161vami. Vyroben\u00e9 z polyesterovej tkaniny s bavlnen\u00fdm n\u00e1dychom. Ide\u00e1lne tri\u010dko na sublim\u00e1ciu.<br \/>Zlo\u017eenie: 100% polyester, bavlnen\u00fd dotyk, 150 gsm.<br \/>Pozn\u00e1mky: *\u0160peci\u00e1lna sublim\u00e1cia.<br \/>\n*K dispoz\u00edcii s\u00fa detsk\u00e9 ve\u013ekosti.<br \/>\n*Lepiaci \u0161t\u00edtok.<br \/>\n<br \/><img decoding=\"async\" src=\"https:\/\/static.gorfactory.es\/pics\/measures\/CA_MC_HO.jpg\"><\/p>","protected":false},"excerpt":{"rendered":"<p>Short-sleeve t-shirt with ribbed crew neck in the same fabric and side seams. Made of polyester fabric with cotton touch.<\/p>","protected":false},"featured_media":23778,"comment_status":"open","ping_status":"closed","template":"","meta":[],"product_cat":[461,460],"product_tag":[],"class_list":{"0":"post-23777","1":"product","2":"type-product","3":"status-publish","4":"has-post-thumbnail","6":"product_cat-cam","7":"product_cat-tee-shirts","9":"first","10":"instock","11":"shipping-taxable","12":"purchasable","13":"product-type-variable"},"_links":{"self":[{"href":"https:\/\/www.promotio.sk\/sk\/wp-json\/wp\/v2\/product\/23777","targetHints":{"allow":["GET"]}}],"collection":[{"href":"https:\/\/www.promotio.sk\/sk\/wp-json\/wp\/v2\/product"}],"about":[{"href":"https:\/\/www.promotio.sk\/sk\/wp-json\/wp\/v2\/types\/product"}],"replies":[{"embeddable":true,"href":"https:\/\/www.promotio.sk\/sk\/wp-json\/wp\/v2\/comments?post=23777"}],"wp:featuredmedia":[{"embeddable":true,"href":"https:\/\/www.promotio.sk\/sk\/wp-json\/wp\/v2\/media\/23778"}],"wp:attachment":[{"href":"https:\/\/www.promotio.sk\/sk\/wp-json\/wp\/v2\/media?parent=23777"}],"wp:term":[{"taxonomy":"product_cat","embeddable":true,"href":"https:\/\/www.promotio.sk\/sk\/wp-json\/wp\/v2\/product_cat?post=23777"},{"taxonomy":"product_tag","embeddable":true,"href":"https:\/\/www.promotio.sk\/sk\/wp-json\/wp\/v2\/product_tag?post=23777"}],"curies":[{"name":"wp","href":"https:\/\/api.w.org\/{rel}","templated":true}]}}