{"id":23775,"date":"2024-03-10T19:30:27","date_gmt":"2024-03-10T18:30:27","guid":{"rendered":"https:\/\/www.promotio.sk\/shop\/nezaraden\u00e9\/breda-woman\/"},"modified":"2024-03-10T19:38:51","modified_gmt":"2024-03-10T18:38:51","slug":"breda-woman","status":"publish","type":"product","link":"https:\/\/www.promotio.sk\/sk\/shop\/promo-clothing\/tee-shirts\/cam\/breda-woman\/","title":{"rendered":"BREDA \u017dENA"},"content":{"rendered":"<p>Priliehav\u00e9 d\u00e1mske tri\u010dko s kr\u00e1tkym ruk\u00e1vom z organickej bavlny s certifik\u00e1tom OCS. 1\u00d71 rebrovan\u00fd os\u00e1dkov\u00fd krk. Zosilnen\u00e9 kryt\u00e9 \u0161vy v golieri. Bo\u010dn\u00e9 \u0161vy.<br \/>\n<br \/>Zlo\u017eenie: 100% biobavlna: 175 g\/m\u00b2.<br \/>\nVresovit\u00e1 siv\u00e1 58 farba: 85% biobavlna a 15% visk\u00f3za.<br \/>\n<br \/>Pozn\u00e1mky: * Odn\u00edmate\u013en\u00fd \u0161t\u00edtok.<br \/>\n* Koncept duo.<br \/>\n* organick\u00e1 tkanina OCS.<br \/><img decoding=\"async\" src=\"https:\/\/static.gorfactory.es\/pics\/measures\/CA_MC_MU.jpg\"><\/p>","protected":false},"excerpt":{"rendered":"<p>Fitted short-sleeve t-shirt for women in OCS certified organic cotton. 1&#215;1 ribbed crew neck. Reinforced covered seams in collar. Side<\/p>","protected":false},"featured_media":23776,"comment_status":"open","ping_status":"closed","template":"","meta":[],"product_cat":[461,460],"product_tag":[],"class_list":{"0":"post-23775","1":"product","2":"type-product","3":"status-publish","4":"has-post-thumbnail","6":"product_cat-cam","7":"product_cat-tee-shirts","9":"first","10":"instock","11":"shipping-taxable","12":"purchasable","13":"product-type-variable"},"_links":{"self":[{"href":"https:\/\/www.promotio.sk\/sk\/wp-json\/wp\/v2\/product\/23775","targetHints":{"allow":["GET"]}}],"collection":[{"href":"https:\/\/www.promotio.sk\/sk\/wp-json\/wp\/v2\/product"}],"about":[{"href":"https:\/\/www.promotio.sk\/sk\/wp-json\/wp\/v2\/types\/product"}],"replies":[{"embeddable":true,"href":"https:\/\/www.promotio.sk\/sk\/wp-json\/wp\/v2\/comments?post=23775"}],"wp:featuredmedia":[{"embeddable":true,"href":"https:\/\/www.promotio.sk\/sk\/wp-json\/wp\/v2\/media\/23776"}],"wp:attachment":[{"href":"https:\/\/www.promotio.sk\/sk\/wp-json\/wp\/v2\/media?parent=23775"}],"wp:term":[{"taxonomy":"product_cat","embeddable":true,"href":"https:\/\/www.promotio.sk\/sk\/wp-json\/wp\/v2\/product_cat?post=23775"},{"taxonomy":"product_tag","embeddable":true,"href":"https:\/\/www.promotio.sk\/sk\/wp-json\/wp\/v2\/product_tag?post=23775"}],"curies":[{"name":"wp","href":"https:\/\/api.w.org\/{rel}","templated":true}]}}