{"id":23502,"date":"2024-03-10T19:15:25","date_gmt":"2024-03-10T18:15:25","guid":{"rendered":"https:\/\/www.promotio.sk\/shop\/nezaraden\u00e9\/golden-woman\/"},"modified":"2024-03-10T19:30:26","modified_gmt":"2024-03-10T18:30:26","slug":"golden-woman","status":"publish","type":"product","link":"https:\/\/www.promotio.sk\/sk\/shop\/promo-clothing\/tee-shirts\/cam\/golden-woman\/","title":{"rendered":"ZLAT\u00c1 \u017dENA"},"content":{"rendered":"<p>Priliehav\u00e9 tri\u010dko s kr\u00e1tkym ruk\u00e1vom z organickej bavlny. Pos\u00e1dkov\u00fd krk s 1\u00d71 rebrom. Ozdobn\u00e9 \u0161vy na leme a ruk\u00e1voch. Bo\u010dn\u00e9 \u0161vy.<br \/>Zlo\u017eenie: 100% \u010desan\u00e1 organick\u00e1 bavlna, single jersey.<br \/>\nFarba: 160 gsm. Biela: 170 gsm.<br \/>\nVresovit\u00e1 siv\u00e1 farba 58: 85% organick\u00e1 bavlna \/ 15% visk\u00f3za.<br \/>Pozn\u00e1mky: *ECO odn\u00edmate\u013en\u00fd \u0161t\u00edtok.<br \/>\n*Koncept duo.<br \/><img decoding=\"async\" src=\"https:\/\/static.gorfactory.es\/pics\/measures\/CA_MC_MU.jpg\"><\/p>","protected":false},"excerpt":{"rendered":"<p>Fitted short-sleeve t-shirt in organic cotton. Crew neck with 1&#215;1 rib. Decorative seams on hem and sleeves. Side seams.Composition: 100%<\/p>","protected":false},"featured_media":23503,"comment_status":"open","ping_status":"closed","template":"","meta":[],"product_cat":[461,460],"product_tag":[],"class_list":{"0":"post-23502","1":"product","2":"type-product","3":"status-publish","4":"has-post-thumbnail","6":"product_cat-cam","7":"product_cat-tee-shirts","9":"first","10":"instock","11":"shipping-taxable","12":"purchasable","13":"product-type-variable"},"_links":{"self":[{"href":"https:\/\/www.promotio.sk\/sk\/wp-json\/wp\/v2\/product\/23502","targetHints":{"allow":["GET"]}}],"collection":[{"href":"https:\/\/www.promotio.sk\/sk\/wp-json\/wp\/v2\/product"}],"about":[{"href":"https:\/\/www.promotio.sk\/sk\/wp-json\/wp\/v2\/types\/product"}],"replies":[{"embeddable":true,"href":"https:\/\/www.promotio.sk\/sk\/wp-json\/wp\/v2\/comments?post=23502"}],"wp:featuredmedia":[{"embeddable":true,"href":"https:\/\/www.promotio.sk\/sk\/wp-json\/wp\/v2\/media\/23503"}],"wp:attachment":[{"href":"https:\/\/www.promotio.sk\/sk\/wp-json\/wp\/v2\/media?parent=23502"}],"wp:term":[{"taxonomy":"product_cat","embeddable":true,"href":"https:\/\/www.promotio.sk\/sk\/wp-json\/wp\/v2\/product_cat?post=23502"},{"taxonomy":"product_tag","embeddable":true,"href":"https:\/\/www.promotio.sk\/sk\/wp-json\/wp\/v2\/product_tag?post=23502"}],"curies":[{"name":"wp","href":"https:\/\/api.w.org\/{rel}","templated":true}]}}