{"id":23453,"date":"2024-03-10T19:13:13","date_gmt":"2024-03-10T18:13:13","guid":{"rendered":"https:\/\/www.promotio.sk\/shop\/nezaraden\u00e9\/hawaii\/"},"modified":"2024-03-10T19:15:24","modified_gmt":"2024-03-10T18:15:24","slug":"hawaii","status":"publish","type":"product","link":"https:\/\/www.promotio.sk\/sk\/shop\/promo-clothing\/tee-shirts\/cam\/hawaii\/","title":{"rendered":"HAWAII"},"content":{"rendered":"<p>D\u00e1mske tri\u010dko s kr\u00e1tkym ruk\u00e1vom vo vypasovanom dizajne s rebrovan\u00fdm v\u00fdstrihom z rovnakej l\u00e1tky a bo\u010dn\u00fdmi \u0161vami. Polyesterov\u00e1 tkanina s bavlnen\u00fdm n\u00e1dychom.<br \/>Zlo\u017eenie: 100% polyester, bavlnen\u00fd dotyk, 150 gsm.<br \/>Pozn\u00e1mky: \u0160peci\u00e1lne pre sublim\u00e1ciu.<br \/>\n*Lepiaci \u0161t\u00edtok.<br \/><img decoding=\"async\" src=\"https:\/\/static.gorfactory.es\/pics\/measures\/CA_MC_MU.jpg\"><\/p>","protected":false},"excerpt":{"rendered":"<p>Short-sleeve t-shirt for women in a fitted design with ribbed crew neck in the same fabric and side seams. Polyester<\/p>","protected":false},"featured_media":23454,"comment_status":"open","ping_status":"closed","template":"","meta":[],"product_cat":[461,460],"product_tag":[],"class_list":{"0":"post-23453","1":"product","2":"type-product","3":"status-publish","4":"has-post-thumbnail","6":"product_cat-cam","7":"product_cat-tee-shirts","9":"first","10":"instock","11":"shipping-taxable","12":"purchasable","13":"product-type-variable"},"_links":{"self":[{"href":"https:\/\/www.promotio.sk\/sk\/wp-json\/wp\/v2\/product\/23453","targetHints":{"allow":["GET"]}}],"collection":[{"href":"https:\/\/www.promotio.sk\/sk\/wp-json\/wp\/v2\/product"}],"about":[{"href":"https:\/\/www.promotio.sk\/sk\/wp-json\/wp\/v2\/types\/product"}],"replies":[{"embeddable":true,"href":"https:\/\/www.promotio.sk\/sk\/wp-json\/wp\/v2\/comments?post=23453"}],"wp:featuredmedia":[{"embeddable":true,"href":"https:\/\/www.promotio.sk\/sk\/wp-json\/wp\/v2\/media\/23454"}],"wp:attachment":[{"href":"https:\/\/www.promotio.sk\/sk\/wp-json\/wp\/v2\/media?parent=23453"}],"wp:term":[{"taxonomy":"product_cat","embeddable":true,"href":"https:\/\/www.promotio.sk\/sk\/wp-json\/wp\/v2\/product_cat?post=23453"},{"taxonomy":"product_tag","embeddable":true,"href":"https:\/\/www.promotio.sk\/sk\/wp-json\/wp\/v2\/product_tag?post=23453"}],"curies":[{"name":"wp","href":"https:\/\/api.w.org\/{rel}","templated":true}]}}