{"id":23299,"date":"2024-03-10T19:05:40","date_gmt":"2024-03-10T18:05:40","guid":{"rendered":"https:\/\/www.promotio.sk\/shop\/nezaraden\u00e9\/husky\/"},"modified":"2024-03-10T19:13:08","modified_gmt":"2024-03-10T18:13:08","slug":"husky","status":"publish","type":"product","link":"https:\/\/www.promotio.sk\/sk\/shop\/promo-clothing\/tee-shirts\/cam\/husky\/","title":{"rendered":"HUSKY"},"content":{"rendered":"<p>Tri\u010dko s kr\u00e1tkym ruk\u00e1vom v dizajne s d\u017e\u00ednsov\u00fdm efektom. 1\u00d71 rebrovan\u00fd v\u00fdstrih s vn\u00fatorn\u00fdmi zosilnen\u00fdmi kryt\u00fdmi \u0161vami od ramena k ramenu. Dvojit\u00fd \u0161ev v prieramkoch. Otv\u00e1ranie ruk\u00e1vov s rolovan\u00fdm lemom.<br \/>Zlo\u017eenie: bavlna 100%, single jersey, 160 gsm.<br \/>Pozn\u00e1mky: Povrchov\u00e1 \u00faprava a farebn\u00fd odtie\u0148 tohto odevu sa m\u00f4\u017eu v r\u00e1mci tej istej objedn\u00e1vky l\u00ed\u0161i\u0165.<br \/>\n*Lepiaci \u0161t\u00edtok.<br \/>\n*Koncept duo. <br \/><img decoding=\"async\" src=\"https:\/\/static.gorfactory.es\/pics\/measures\/CA_MC_HO.jpg\"><\/p>","protected":false},"excerpt":{"rendered":"<p>Short-sleeve t-shirt in a jeans effect design. 1&#215;1 ribbed crew neck with interior reinforced covered seams from shoulder to shoulder.<\/p>","protected":false},"featured_media":23300,"comment_status":"open","ping_status":"closed","template":"","meta":[],"product_cat":[461,460],"product_tag":[],"class_list":{"0":"post-23299","1":"product","2":"type-product","3":"status-publish","4":"has-post-thumbnail","6":"product_cat-cam","7":"product_cat-tee-shirts","9":"first","10":"instock","11":"shipping-taxable","12":"purchasable","13":"product-type-variable"},"_links":{"self":[{"href":"https:\/\/www.promotio.sk\/sk\/wp-json\/wp\/v2\/product\/23299","targetHints":{"allow":["GET"]}}],"collection":[{"href":"https:\/\/www.promotio.sk\/sk\/wp-json\/wp\/v2\/product"}],"about":[{"href":"https:\/\/www.promotio.sk\/sk\/wp-json\/wp\/v2\/types\/product"}],"replies":[{"embeddable":true,"href":"https:\/\/www.promotio.sk\/sk\/wp-json\/wp\/v2\/comments?post=23299"}],"wp:featuredmedia":[{"embeddable":true,"href":"https:\/\/www.promotio.sk\/sk\/wp-json\/wp\/v2\/media\/23300"}],"wp:attachment":[{"href":"https:\/\/www.promotio.sk\/sk\/wp-json\/wp\/v2\/media?parent=23299"}],"wp:term":[{"taxonomy":"product_cat","embeddable":true,"href":"https:\/\/www.promotio.sk\/sk\/wp-json\/wp\/v2\/product_cat?post=23299"},{"taxonomy":"product_tag","embeddable":true,"href":"https:\/\/www.promotio.sk\/sk\/wp-json\/wp\/v2\/product_tag?post=23299"}],"curies":[{"name":"wp","href":"https:\/\/api.w.org\/{rel}","templated":true}]}}