{"id":23266,"date":"2024-03-10T19:04:23","date_gmt":"2024-03-10T18:04:23","guid":{"rendered":"https:\/\/www.promotio.sk\/shop\/nezaraden\u00e9\/dominica\/"},"modified":"2024-03-10T19:05:37","modified_gmt":"2024-03-10T18:05:37","slug":"dominica","status":"publish","type":"product","link":"https:\/\/www.promotio.sk\/sk\/shop\/promo-clothing\/tee-shirts\/cam\/dominica\/","title":{"rendered":"DOMINICA"},"content":{"rendered":"<p>Ostrihan\u00e9 a vo\u013enej\u0161ie d\u00e1mske tri\u010dko s kr\u00e1tkym ruk\u00e1vom. 1\u00d71 rebrovan\u00fd krk so \u0161irok\u00fdm lemom. Zodpovedaj\u00face zosilnen\u00e9 kryt\u00e9 \u0161vy.<br \/>Zlo\u017eenie: bavlna 100%, 170 gsm single jersey.<br \/>\nFlu\u00f3rov\u00e1 ru\u017eov\u00e1 d\u00e1mska farba 125: 65% polyester \/ 35% bavlna.<br \/>Pozn\u00e1mky: *Odn\u00edmate\u013en\u00fd \u0161t\u00edtok.<br \/><img decoding=\"async\" src=\"https:\/\/static.gorfactory.es\/pics\/measures\/CA_MC_MU.jpg\"><\/p>","protected":false},"excerpt":{"rendered":"<p>Cropped and loose-fitted short-sleeve t-shirt for women. 1&#215;1 ribbed crew neck with wide trim. Matching reinforced covered seams.Composition: 100% cotton,<\/p>","protected":false},"featured_media":0,"comment_status":"open","ping_status":"closed","template":"","meta":[],"product_cat":[461,460],"product_tag":[],"class_list":{"0":"post-23266","1":"product","2":"type-product","3":"status-publish","5":"product_cat-cam","6":"product_cat-tee-shirts","8":"first","9":"instock","10":"shipping-taxable","11":"purchasable","12":"product-type-variable"},"_links":{"self":[{"href":"https:\/\/www.promotio.sk\/sk\/wp-json\/wp\/v2\/product\/23266","targetHints":{"allow":["GET"]}}],"collection":[{"href":"https:\/\/www.promotio.sk\/sk\/wp-json\/wp\/v2\/product"}],"about":[{"href":"https:\/\/www.promotio.sk\/sk\/wp-json\/wp\/v2\/types\/product"}],"replies":[{"embeddable":true,"href":"https:\/\/www.promotio.sk\/sk\/wp-json\/wp\/v2\/comments?post=23266"}],"wp:attachment":[{"href":"https:\/\/www.promotio.sk\/sk\/wp-json\/wp\/v2\/media?parent=23266"}],"wp:term":[{"taxonomy":"product_cat","embeddable":true,"href":"https:\/\/www.promotio.sk\/sk\/wp-json\/wp\/v2\/product_cat?post=23266"},{"taxonomy":"product_tag","embeddable":true,"href":"https:\/\/www.promotio.sk\/sk\/wp-json\/wp\/v2\/product_tag?post=23266"}],"curies":[{"name":"wp","href":"https:\/\/api.w.org\/{rel}","templated":true}]}}