{"id":22555,"date":"2024-03-10T18:06:31","date_gmt":"2024-03-10T17:06:31","guid":{"rendered":"https:\/\/www.promotio.sk\/shop\/nezaraden\u00e9\/capri\/"},"modified":"2024-03-10T18:25:46","modified_gmt":"2024-03-10T17:25:46","slug":"capri","status":"publish","type":"product","link":"https:\/\/www.promotio.sk\/sk\/shop\/promo-clothing\/tee-shirts\/cam\/capri\/","title":{"rendered":"CAPRI"},"content":{"rendered":"<p>Priliehav\u00e9 d\u00e1mske tri\u010dko s kr\u00e1tkym ruk\u00e1vom. 1\u00d71 rebrovan\u00fd os\u00e1dkov\u00fd krk. Zosilnen\u00e9 kryt\u00e9 \u0161vy v golieri.<br \/>Zlo\u017eenie: bavlna 100%, single jersey, 170 gsm.<br \/>\nVresovit\u00e1 siv\u00e1 farba 58: 85% bavlna \/ 15% visk\u00f3za.<br \/>Pozn\u00e1mky: *Odn\u00edmate\u013en\u00fd \u0161t\u00edtok.<br \/><img decoding=\"async\" src=\"https:\/\/static.gorfactory.es\/pics\/measures\/CA_MC_MU.jpg\"><\/p>","protected":false},"excerpt":{"rendered":"<p>Fitted short-sleeve t-shirt for women. 1&#215;1 ribbed crew neck. Reinforced covered seams in collar.Composition: 100% cotton, single jersey, 170 gsm.<\/p>","protected":false},"featured_media":22556,"comment_status":"open","ping_status":"closed","template":"","meta":[],"product_cat":[461,460],"product_tag":[],"class_list":{"0":"post-22555","1":"product","2":"type-product","3":"status-publish","4":"has-post-thumbnail","6":"product_cat-cam","7":"product_cat-tee-shirts","9":"first","10":"instock","11":"shipping-taxable","12":"purchasable","13":"product-type-variable"},"_links":{"self":[{"href":"https:\/\/www.promotio.sk\/sk\/wp-json\/wp\/v2\/product\/22555","targetHints":{"allow":["GET"]}}],"collection":[{"href":"https:\/\/www.promotio.sk\/sk\/wp-json\/wp\/v2\/product"}],"about":[{"href":"https:\/\/www.promotio.sk\/sk\/wp-json\/wp\/v2\/types\/product"}],"replies":[{"embeddable":true,"href":"https:\/\/www.promotio.sk\/sk\/wp-json\/wp\/v2\/comments?post=22555"}],"wp:featuredmedia":[{"embeddable":true,"href":"https:\/\/www.promotio.sk\/sk\/wp-json\/wp\/v2\/media\/22556"}],"wp:attachment":[{"href":"https:\/\/www.promotio.sk\/sk\/wp-json\/wp\/v2\/media?parent=22555"}],"wp:term":[{"taxonomy":"product_cat","embeddable":true,"href":"https:\/\/www.promotio.sk\/sk\/wp-json\/wp\/v2\/product_cat?post=22555"},{"taxonomy":"product_tag","embeddable":true,"href":"https:\/\/www.promotio.sk\/sk\/wp-json\/wp\/v2\/product_tag?post=22555"}],"curies":[{"name":"wp","href":"https:\/\/api.w.org\/{rel}","templated":true}]}}