{"id":21870,"date":"2024-03-10T17:31:43","date_gmt":"2024-03-10T16:31:43","guid":{"rendered":"https:\/\/www.promotio.sk\/shop\/nezaraden\u00e9\/baby\/"},"modified":"2024-03-10T17:37:23","modified_gmt":"2024-03-10T16:37:23","slug":"baby","status":"publish","type":"product","link":"https:\/\/www.promotio.sk\/sk\/shop\/promo-clothing\/tee-shirts\/cam\/baby\/","title":{"rendered":"BABY"},"content":{"rendered":"<p>Tri\u010dko s kr\u00e1tkym ruk\u00e1vom, \u0161peci\u00e1lne pre b\u00e1b\u00e4tk\u00e1. Jemn\u00e1 tkanina so zhutnenou \u00fapravou. Krk a l\u00e9ga na pleci s patentkami od ve\u013ekosti 6m do 18m. Ve\u013ekos\u0165 2 roky bez klopy na ramene. Bo\u010dn\u00e9 \u0161vy.<br \/>Zlo\u017eenie: 100% \u010desan\u00e1 bavlna, single jersey, 160 gsm.<br \/>Pozn\u00e1mky: *Odn\u00edmate\u013en\u00fd \u0161t\u00edtok.<br \/><img decoding=\"async\" src=\"https:\/\/static.gorfactory.es\/pics\/measures\/CA_MC_HO.jpg\"><\/p>","protected":false},"excerpt":{"rendered":"<p>Short-sleeve t-shirt, special for babies. Fine gauge fabric with compacted finishing. Crew neck and placket in shoulder with snap buttons<\/p>","protected":false},"featured_media":21871,"comment_status":"open","ping_status":"closed","template":"","meta":[],"product_cat":[461,460],"product_tag":[],"class_list":{"0":"post-21870","1":"product","2":"type-product","3":"status-publish","4":"has-post-thumbnail","6":"product_cat-cam","7":"product_cat-tee-shirts","9":"first","10":"instock","11":"shipping-taxable","12":"purchasable","13":"product-type-variable"},"_links":{"self":[{"href":"https:\/\/www.promotio.sk\/sk\/wp-json\/wp\/v2\/product\/21870","targetHints":{"allow":["GET"]}}],"collection":[{"href":"https:\/\/www.promotio.sk\/sk\/wp-json\/wp\/v2\/product"}],"about":[{"href":"https:\/\/www.promotio.sk\/sk\/wp-json\/wp\/v2\/types\/product"}],"replies":[{"embeddable":true,"href":"https:\/\/www.promotio.sk\/sk\/wp-json\/wp\/v2\/comments?post=21870"}],"wp:featuredmedia":[{"embeddable":true,"href":"https:\/\/www.promotio.sk\/sk\/wp-json\/wp\/v2\/media\/21871"}],"wp:attachment":[{"href":"https:\/\/www.promotio.sk\/sk\/wp-json\/wp\/v2\/media?parent=21870"}],"wp:term":[{"taxonomy":"product_cat","embeddable":true,"href":"https:\/\/www.promotio.sk\/sk\/wp-json\/wp\/v2\/product_cat?post=21870"},{"taxonomy":"product_tag","embeddable":true,"href":"https:\/\/www.promotio.sk\/sk\/wp-json\/wp\/v2\/product_tag?post=21870"}],"curies":[{"name":"wp","href":"https:\/\/api.w.org\/{rel}","templated":true}]}}