{"id":21777,"date":"2024-03-10T17:27:42","date_gmt":"2024-03-10T16:27:42","guid":{"rendered":"https:\/\/www.promotio.sk\/shop\/nezaraden\u00e9\/veza\/"},"modified":"2024-03-10T17:31:22","modified_gmt":"2024-03-10T16:31:22","slug":"veza","status":"publish","type":"product","link":"https:\/\/www.promotio.sk\/sk\/shop\/promo-clothing\/tee-shirts\/cam\/veza\/","title":{"rendered":"VEZA"},"content":{"rendered":"<p>Hrub\u00e9 bavlnen\u00e9 p\u00e1nske tri\u010dko s kr\u00e1tkym ruk\u00e1vom. \u0160irok\u00fd 2\u00d71 rebrovan\u00fd lem krku a ruk\u00e1vov. Zosilnen\u00e9 kryt\u00e9 \u0161vy v golieri. Bo\u010dn\u00e9 \u0161vy. Zodpovedaj\u00face logo Roly na leme na \u013eavej strane. \u0160irok\u00fd \u0161ev na leme.<br \/>Zlo\u017eenie: 100% bavlna, 210 gsm.<br \/>Pozn\u00e1mky: * Odn\u00edmate\u013en\u00fd \u0161t\u00edtok.<br \/>\n* Koncept duo.<br \/><img decoding=\"async\" src=\"https:\/\/static.gorfactory.es\/pics\/measures\/CA_MC_HO.jpg\"><\/p>","protected":false},"excerpt":{"rendered":"<p>Thick short-sleeve t-shirt for men in cotton. Wide 2&#215;1 ribbed crew neck and sleeve edging. Reinforced covered seams in collar.<\/p>","protected":false},"featured_media":21778,"comment_status":"open","ping_status":"closed","template":"","meta":[],"product_cat":[461,460],"product_tag":[],"class_list":{"0":"post-21777","1":"product","2":"type-product","3":"status-publish","4":"has-post-thumbnail","6":"product_cat-cam","7":"product_cat-tee-shirts","9":"first","10":"instock","11":"shipping-taxable","12":"purchasable","13":"product-type-variable"},"_links":{"self":[{"href":"https:\/\/www.promotio.sk\/sk\/wp-json\/wp\/v2\/product\/21777","targetHints":{"allow":["GET"]}}],"collection":[{"href":"https:\/\/www.promotio.sk\/sk\/wp-json\/wp\/v2\/product"}],"about":[{"href":"https:\/\/www.promotio.sk\/sk\/wp-json\/wp\/v2\/types\/product"}],"replies":[{"embeddable":true,"href":"https:\/\/www.promotio.sk\/sk\/wp-json\/wp\/v2\/comments?post=21777"}],"wp:featuredmedia":[{"embeddable":true,"href":"https:\/\/www.promotio.sk\/sk\/wp-json\/wp\/v2\/media\/21778"}],"wp:attachment":[{"href":"https:\/\/www.promotio.sk\/sk\/wp-json\/wp\/v2\/media?parent=21777"}],"wp:term":[{"taxonomy":"product_cat","embeddable":true,"href":"https:\/\/www.promotio.sk\/sk\/wp-json\/wp\/v2\/product_cat?post=21777"},{"taxonomy":"product_tag","embeddable":true,"href":"https:\/\/www.promotio.sk\/sk\/wp-json\/wp\/v2\/product_tag?post=21777"}],"curies":[{"name":"wp","href":"https:\/\/api.w.org\/{rel}","templated":true}]}}