{"id":21775,"date":"2024-03-10T17:27:38","date_gmt":"2024-03-10T16:27:38","guid":{"rendered":"https:\/\/www.promotio.sk\/shop\/nezaraden\u00e9\/joplin\/"},"modified":"2024-03-10T17:31:37","modified_gmt":"2024-03-10T16:31:37","slug":"joplin","status":"publish","type":"product","link":"https:\/\/www.promotio.sk\/sk\/shop\/promo-clothing\/tee-shirts\/cam\/joplin\/","title":{"rendered":"JOPLIN"},"content":{"rendered":"<p>Unisex tri\u010dko s kr\u00e1tkym ruk\u00e1vom s efektom viazania. 1\u00d71 rebrovan\u00fd v\u00fdstrih s prekryt\u00fdmi \u0161vami v golieri. R\u00farkov\u00fd dizajn. Povrchov\u00e1 \u00faprava a tonalita tohto odevu sa m\u00f4\u017ee l\u00ed\u0161i\u0165 v r\u00e1mci rovnak\u00e9ho farebn\u00e9ho odtie\u0148a.<br \/>Zlo\u017eenie: 100% \u010desan\u00e1 bavlna, single jersey, 160 gsm.<br \/>Pozn\u00e1mky: * Odn\u00edmate\u013en\u00fd \u0161t\u00edtok.<br \/>\n* Unisex.<br \/><img decoding=\"async\" src=\"https:\/\/static.gorfactory.es\/pics\/measures\/CA_MC_HO.jpg\"><\/p>","protected":false},"excerpt":{"rendered":"<p>Unisex short-sleeve t-shirt in tie-dye effect. 1&#215;1 ribbed crew neck with covered seams in collar. Tubular design. The finish and<\/p>","protected":false},"featured_media":21776,"comment_status":"open","ping_status":"closed","template":"","meta":[],"product_cat":[461,460],"product_tag":[],"class_list":{"0":"post-21775","1":"product","2":"type-product","3":"status-publish","4":"has-post-thumbnail","6":"product_cat-cam","7":"product_cat-tee-shirts","9":"first","10":"instock","11":"shipping-taxable","12":"purchasable","13":"product-type-variable"},"_links":{"self":[{"href":"https:\/\/www.promotio.sk\/sk\/wp-json\/wp\/v2\/product\/21775","targetHints":{"allow":["GET"]}}],"collection":[{"href":"https:\/\/www.promotio.sk\/sk\/wp-json\/wp\/v2\/product"}],"about":[{"href":"https:\/\/www.promotio.sk\/sk\/wp-json\/wp\/v2\/types\/product"}],"replies":[{"embeddable":true,"href":"https:\/\/www.promotio.sk\/sk\/wp-json\/wp\/v2\/comments?post=21775"}],"wp:featuredmedia":[{"embeddable":true,"href":"https:\/\/www.promotio.sk\/sk\/wp-json\/wp\/v2\/media\/21776"}],"wp:attachment":[{"href":"https:\/\/www.promotio.sk\/sk\/wp-json\/wp\/v2\/media?parent=21775"}],"wp:term":[{"taxonomy":"product_cat","embeddable":true,"href":"https:\/\/www.promotio.sk\/sk\/wp-json\/wp\/v2\/product_cat?post=21775"},{"taxonomy":"product_tag","embeddable":true,"href":"https:\/\/www.promotio.sk\/sk\/wp-json\/wp\/v2\/product_tag?post=21775"}],"curies":[{"name":"wp","href":"https:\/\/api.w.org\/{rel}","templated":true}]}}