{"id":21223,"date":"2024-03-10T16:48:46","date_gmt":"2024-03-10T15:48:46","guid":{"rendered":"https:\/\/www.promotio.sk\/shop\/nezaraden\u00e9\/beagle\/"},"modified":"2024-03-10T17:20:11","modified_gmt":"2024-03-10T16:20:11","slug":"beagle","status":"publish","type":"product","link":"https:\/\/www.promotio.sk\/sk\/shop\/promo-clothing\/tee-shirts\/cam\/beagle\/","title":{"rendered":"BEAGLE"},"content":{"rendered":"<p>Tri\u010dko s kr\u00e1tkym ruk\u00e1vom a dvojvrstvov\u00fdm v\u00fdstrihom z elastanu, vyroben\u00e9 z tubul\u00e1rnej l\u00e1tky pre dospel\u00fdch. Bo\u010dn\u00e9 \u0161vy v detsk\u00fdch ve\u013ekostiach. Zosilnen\u00e9 kryt\u00e9 \u0161vy v golieri.<br \/>Zlo\u017eenie: bavlna 100%, single jersey, 155 gsm.<br \/>\nHeather \u0161ed\u00e1 58: 85% bavlna \/ 15% visk\u00f3za.<br \/>Pozn\u00e1mky: *Odn\u00edmate\u013en\u00fd \u0161t\u00edtok.<br \/>\n*K dispoz\u00edcii s\u00fa detsk\u00e9 ve\u013ekosti.<br \/>\n*K dispoz\u00edcii s\u00fa \u017eeny.<br \/><img decoding=\"async\" src=\"https:\/\/static.gorfactory.es\/pics\/measures\/CA_MC_HO.jpg\"><\/p>","protected":false},"excerpt":{"rendered":"<p>Short-sleeve t-shirt with double layer crew neck in elastane, made in tubular fabric for adults. Side seams in kids sizes.<\/p>","protected":false},"featured_media":21224,"comment_status":"open","ping_status":"closed","template":"","meta":[],"product_cat":[461,460],"product_tag":[],"class_list":{"0":"post-21223","1":"product","2":"type-product","3":"status-publish","4":"has-post-thumbnail","6":"product_cat-cam","7":"product_cat-tee-shirts","9":"first","10":"instock","11":"shipping-taxable","12":"purchasable","13":"product-type-variable"},"_links":{"self":[{"href":"https:\/\/www.promotio.sk\/sk\/wp-json\/wp\/v2\/product\/21223","targetHints":{"allow":["GET"]}}],"collection":[{"href":"https:\/\/www.promotio.sk\/sk\/wp-json\/wp\/v2\/product"}],"about":[{"href":"https:\/\/www.promotio.sk\/sk\/wp-json\/wp\/v2\/types\/product"}],"replies":[{"embeddable":true,"href":"https:\/\/www.promotio.sk\/sk\/wp-json\/wp\/v2\/comments?post=21223"}],"wp:featuredmedia":[{"embeddable":true,"href":"https:\/\/www.promotio.sk\/sk\/wp-json\/wp\/v2\/media\/21224"}],"wp:attachment":[{"href":"https:\/\/www.promotio.sk\/sk\/wp-json\/wp\/v2\/media?parent=21223"}],"wp:term":[{"taxonomy":"product_cat","embeddable":true,"href":"https:\/\/www.promotio.sk\/sk\/wp-json\/wp\/v2\/product_cat?post=21223"},{"taxonomy":"product_tag","embeddable":true,"href":"https:\/\/www.promotio.sk\/sk\/wp-json\/wp\/v2\/product_tag?post=21223"}],"curies":[{"name":"wp","href":"https:\/\/api.w.org\/{rel}","templated":true}]}}