{"id":21047,"date":"2024-03-10T16:40:15","date_gmt":"2024-03-10T15:40:15","guid":{"rendered":"https:\/\/www.promotio.sk\/shop\/nezaraden\u00e9\/texas\/"},"modified":"2024-03-10T16:45:56","modified_gmt":"2024-03-10T15:45:56","slug":"texas","status":"publish","type":"product","link":"https:\/\/www.promotio.sk\/sk\/shop\/promo-clothing\/tee-shirts\/cat\/texas\/","title":{"rendered":"TEXAS"},"content":{"rendered":"<p>Priliehav\u00e9 tielko s rebrovan\u00fdm jednoduch\u00fdm d\u017eersejom v golieri a prieramku. 4-vl\u00e1knov\u00e9 overlockov\u00e9 bo\u010dn\u00e9 \u0161vy pre v\u00e4\u010d\u0161iu odolnos\u0165.<br \/>Zlo\u017eenie: bavlna 100%, single jersey, 155 gsm.<br \/>\nHeather \u0161ed\u00e1 58: 85% bavlna \/ 15% visk\u00f3za.<br \/>Pozn\u00e1mky: *Odn\u00edmate\u013en\u00fd \u0161t\u00edtok.<br \/>\n*K dispoz\u00edcii s\u00fa \u017eeny.<br \/><img decoding=\"async\" src=\"https:\/\/static.gorfactory.es\/pics\/measures\/CA6545.jpg\"><\/p>","protected":false},"excerpt":{"rendered":"<p>Slim-fit tank top with ribbed single jersey in collar and armhole. 4-thread overlocked side seams for greater durability.Composition: 100% cotton,<\/p>","protected":false},"featured_media":21048,"comment_status":"open","ping_status":"closed","template":"","meta":[],"product_cat":[460,463],"product_tag":[],"class_list":{"0":"post-21047","1":"product","2":"type-product","3":"status-publish","4":"has-post-thumbnail","6":"product_cat-tee-shirts","7":"product_cat-cat","9":"first","10":"instock","11":"shipping-taxable","12":"purchasable","13":"product-type-variable"},"_links":{"self":[{"href":"https:\/\/www.promotio.sk\/sk\/wp-json\/wp\/v2\/product\/21047","targetHints":{"allow":["GET"]}}],"collection":[{"href":"https:\/\/www.promotio.sk\/sk\/wp-json\/wp\/v2\/product"}],"about":[{"href":"https:\/\/www.promotio.sk\/sk\/wp-json\/wp\/v2\/types\/product"}],"replies":[{"embeddable":true,"href":"https:\/\/www.promotio.sk\/sk\/wp-json\/wp\/v2\/comments?post=21047"}],"wp:featuredmedia":[{"embeddable":true,"href":"https:\/\/www.promotio.sk\/sk\/wp-json\/wp\/v2\/media\/21048"}],"wp:attachment":[{"href":"https:\/\/www.promotio.sk\/sk\/wp-json\/wp\/v2\/media?parent=21047"}],"wp:term":[{"taxonomy":"product_cat","embeddable":true,"href":"https:\/\/www.promotio.sk\/sk\/wp-json\/wp\/v2\/product_cat?post=21047"},{"taxonomy":"product_tag","embeddable":true,"href":"https:\/\/www.promotio.sk\/sk\/wp-json\/wp\/v2\/product_tag?post=21047"}],"curies":[{"name":"wp","href":"https:\/\/api.w.org\/{rel}","templated":true}]}}