{"id":20877,"date":"2024-03-10T16:32:00","date_gmt":"2024-03-10T15:32:00","guid":{"rendered":"https:\/\/www.promotio.sk\/shop\/nezaraden\u00e9\/akita\/"},"modified":"2024-03-10T16:40:09","modified_gmt":"2024-03-10T15:40:09","slug":"akita","status":"publish","type":"product","link":"https:\/\/www.promotio.sk\/sk\/shop\/promo-clothing\/tee-shirts\/cam\/akita\/","title":{"rendered":"AKITA"},"content":{"rendered":"<p>Tri\u010dko s kr\u00e1tkym ruk\u00e1vom vo fluorovan\u00fdch farb\u00e1ch. Krk a vn\u00fatorn\u00e9 kryt\u00e9 \u0161vy. Vyroben\u00e9 z polyesterovej tkaniny s bavlnen\u00fdm n\u00e1dychom.<br \/>Zlo\u017eenie: 100% polyester, bavlnen\u00fd dotyk, 155 gsm.<br \/>Pozn\u00e1mky: *Lepiaci \u0161t\u00edtok.<br \/>\n*K dispoz\u00edcii s\u00fa detsk\u00e9 ve\u013ekosti.<br \/><img decoding=\"async\" src=\"https:\/\/static.gorfactory.es\/pics\/measures\/CA_MC_HO.jpg\"><\/p>","protected":false},"excerpt":{"rendered":"<p>Short-sleeve t-shirt in fluor colours. Crew neck and inner covered seams. Made of polyester fabric with cotton touch.Composition: 100% polyester,<\/p>","protected":false},"featured_media":20878,"comment_status":"open","ping_status":"closed","template":"","meta":[],"product_cat":[461,460],"product_tag":[],"class_list":{"0":"post-20877","1":"product","2":"type-product","3":"status-publish","4":"has-post-thumbnail","6":"product_cat-cam","7":"product_cat-tee-shirts","9":"first","10":"instock","11":"shipping-taxable","12":"purchasable","13":"product-type-variable"},"_links":{"self":[{"href":"https:\/\/www.promotio.sk\/sk\/wp-json\/wp\/v2\/product\/20877","targetHints":{"allow":["GET"]}}],"collection":[{"href":"https:\/\/www.promotio.sk\/sk\/wp-json\/wp\/v2\/product"}],"about":[{"href":"https:\/\/www.promotio.sk\/sk\/wp-json\/wp\/v2\/types\/product"}],"replies":[{"embeddable":true,"href":"https:\/\/www.promotio.sk\/sk\/wp-json\/wp\/v2\/comments?post=20877"}],"wp:featuredmedia":[{"embeddable":true,"href":"https:\/\/www.promotio.sk\/sk\/wp-json\/wp\/v2\/media\/20878"}],"wp:attachment":[{"href":"https:\/\/www.promotio.sk\/sk\/wp-json\/wp\/v2\/media?parent=20877"}],"wp:term":[{"taxonomy":"product_cat","embeddable":true,"href":"https:\/\/www.promotio.sk\/sk\/wp-json\/wp\/v2\/product_cat?post=20877"},{"taxonomy":"product_tag","embeddable":true,"href":"https:\/\/www.promotio.sk\/sk\/wp-json\/wp\/v2\/product_tag?post=20877"}],"curies":[{"name":"wp","href":"https:\/\/api.w.org\/{rel}","templated":true}]}}