{"id":20743,"date":"2024-03-10T16:25:36","date_gmt":"2024-03-10T15:25:36","guid":{"rendered":"https:\/\/www.promotio.sk\/shop\/nezaraden\u00e9\/belice\/"},"modified":"2024-03-10T16:30:06","modified_gmt":"2024-03-10T15:30:06","slug":"belice","status":"publish","type":"product","link":"https:\/\/www.promotio.sk\/sk\/shop\/promo-clothing\/tee-shirts\/cam\/belice\/","title":{"rendered":"BELICE"},"content":{"rendered":"<p>Priliehav\u00e9 tri\u010dko s v\u00fdstrihom a v\u00fdstrihom do V vpredu. Zastrihnut\u00fd polovi\u010dn\u00fd ruk\u00e1v a bo\u010dn\u00e9 \u0161vy. <br \/>Zlo\u017eenie: 94% \u010desan\u00e1 bavlna \/ 6% elastan, single jersey, 200 gsm.<br \/>Pozn\u00e1mky: * Ve\u013ekos\u0165 XXXL dostupn\u00e1 v bielej 01 a \u010diernej 02.<br \/>\n* Vysoko kvalitn\u00e1 tkanina pre m\u00e4kk\u00fd a pr\u00edjemn\u00fd dotyk.<br \/>\n* Odn\u00edmate\u013en\u00fd \u0161t\u00edtok.<br \/>\n<br \/><img decoding=\"async\" src=\"https:\/\/static.gorfactory.es\/pics\/measures\/CA_MC_MU.jpg\"><\/p>","protected":false},"excerpt":{"rendered":"<p>Fitted t-shirt with crew neck and v-opening on front. Trimmed half-sleeve and side seams. Composition: 94% combed cotton \/ 6%<\/p>","protected":false},"featured_media":20744,"comment_status":"open","ping_status":"closed","template":"","meta":[],"product_cat":[461,460],"product_tag":[],"class_list":{"0":"post-20743","1":"product","2":"type-product","3":"status-publish","4":"has-post-thumbnail","6":"product_cat-cam","7":"product_cat-tee-shirts","9":"first","10":"instock","11":"shipping-taxable","12":"purchasable","13":"product-type-variable"},"_links":{"self":[{"href":"https:\/\/www.promotio.sk\/sk\/wp-json\/wp\/v2\/product\/20743","targetHints":{"allow":["GET"]}}],"collection":[{"href":"https:\/\/www.promotio.sk\/sk\/wp-json\/wp\/v2\/product"}],"about":[{"href":"https:\/\/www.promotio.sk\/sk\/wp-json\/wp\/v2\/types\/product"}],"replies":[{"embeddable":true,"href":"https:\/\/www.promotio.sk\/sk\/wp-json\/wp\/v2\/comments?post=20743"}],"wp:featuredmedia":[{"embeddable":true,"href":"https:\/\/www.promotio.sk\/sk\/wp-json\/wp\/v2\/media\/20744"}],"wp:attachment":[{"href":"https:\/\/www.promotio.sk\/sk\/wp-json\/wp\/v2\/media?parent=20743"}],"wp:term":[{"taxonomy":"product_cat","embeddable":true,"href":"https:\/\/www.promotio.sk\/sk\/wp-json\/wp\/v2\/product_cat?post=20743"},{"taxonomy":"product_tag","embeddable":true,"href":"https:\/\/www.promotio.sk\/sk\/wp-json\/wp\/v2\/product_tag?post=20743"}],"curies":[{"name":"wp","href":"https:\/\/api.w.org\/{rel}","templated":true}]}}