{"id":20621,"date":"2024-03-10T16:19:37","date_gmt":"2024-03-10T15:19:37","guid":{"rendered":"https:\/\/www.promotio.sk\/shop\/nezaraden\u00e9\/carolina\/"},"modified":"2024-03-10T16:23:19","modified_gmt":"2024-03-10T15:23:19","slug":"carolina","status":"publish","type":"product","link":"https:\/\/www.promotio.sk\/sk\/shop\/promo-clothing\/tee-shirts\/cat\/carolina\/","title":{"rendered":"KAROLINA"},"content":{"rendered":"<p>Priliehav\u00e9 \u0161t\u00fdlov\u00e9 tielko so \u0161irok\u00fdm a okr\u00fahlym rebrovan\u00fdm v\u00fdstrihom a prieramkami. Racerback a bo\u010dn\u00e9 \u0161vy.<br \/>Zlo\u017eenie: 100% bavlna, 1\u00d71 rebrovanie, 220 gsm.<br \/>\nVresovit\u00e1 siv\u00e1: 58: 85% bavlna \/ 15% visk\u00f3za.<br \/>Pozn\u00e1mky: *Odn\u00edmate\u013en\u00fd \u0161t\u00edtok.<br \/><img decoding=\"async\" src=\"https:\/\/static.gorfactory.es\/pics\/measures\/CA6517.jpg\"><\/p>","protected":false},"excerpt":{"rendered":"<p>Fitted style tank top with wide and round ribbed neckline and armholes. Racerback and side seams.Composition: 100% cotton, 1&#215;1 rib,<\/p>","protected":false},"featured_media":20622,"comment_status":"open","ping_status":"closed","template":"","meta":[],"product_cat":[460,463],"product_tag":[],"class_list":{"0":"post-20621","1":"product","2":"type-product","3":"status-publish","4":"has-post-thumbnail","6":"product_cat-tee-shirts","7":"product_cat-cat","9":"first","10":"instock","11":"shipping-taxable","12":"purchasable","13":"product-type-variable"},"_links":{"self":[{"href":"https:\/\/www.promotio.sk\/sk\/wp-json\/wp\/v2\/product\/20621","targetHints":{"allow":["GET"]}}],"collection":[{"href":"https:\/\/www.promotio.sk\/sk\/wp-json\/wp\/v2\/product"}],"about":[{"href":"https:\/\/www.promotio.sk\/sk\/wp-json\/wp\/v2\/types\/product"}],"replies":[{"embeddable":true,"href":"https:\/\/www.promotio.sk\/sk\/wp-json\/wp\/v2\/comments?post=20621"}],"wp:featuredmedia":[{"embeddable":true,"href":"https:\/\/www.promotio.sk\/sk\/wp-json\/wp\/v2\/media\/20622"}],"wp:attachment":[{"href":"https:\/\/www.promotio.sk\/sk\/wp-json\/wp\/v2\/media?parent=20621"}],"wp:term":[{"taxonomy":"product_cat","embeddable":true,"href":"https:\/\/www.promotio.sk\/sk\/wp-json\/wp\/v2\/product_cat?post=20621"},{"taxonomy":"product_tag","embeddable":true,"href":"https:\/\/www.promotio.sk\/sk\/wp-json\/wp\/v2\/product_tag?post=20621"}],"curies":[{"name":"wp","href":"https:\/\/api.w.org\/{rel}","templated":true}]}}