{"id":20160,"date":"2024-03-10T15:47:10","date_gmt":"2024-03-10T14:47:10","guid":{"rendered":"https:\/\/www.promotio.sk\/shop\/nezaraden\u00e9\/dogo-premium\/"},"modified":"2024-03-10T21:12:23","modified_gmt":"2024-03-10T20:12:23","slug":"dogo-premium","status":"publish","type":"product","link":"https:\/\/www.promotio.sk\/sk\/shop\/promo-clothing\/tee-shirts\/cam\/dogo-premium\/","title":{"rendered":"DOGO PREMIUM"},"content":{"rendered":"<p>Tri\u010dko s kr\u00e1tkym ruk\u00e1vom, 4-vrstvov\u00fdm v\u00fdstrihom a zosilnen\u00fdmi kryt\u00fdmi \u0161vami na golieri a ramen\u00e1ch. Bo\u010dn\u00e9 \u0161vy.<br \/>\nZlo\u017eenie: bavlna 100%, single jersey, 165 gsm.<br \/>\nHeather \u0161ed\u00e1 58: 85% bavlna \/ 15% visk\u00f3za.<br \/>\nPozn\u00e1mky: *Ve\u013ekos\u0165 4XL len vo farb\u00e1ch: biela 01, \u010dierna 02, n\u00e1morn\u00edcka 55, f\u013ea\u0161kovo zelen\u00e1 56, kr\u00e1\u013eovsk\u00e1 05 a vresovo \u0161ed\u00e1 58.<br \/>\n*Ve\u013ekos\u0165 5XL dostupn\u00e1 vo farbe biela 01 a \u010dierna 02.<br \/>\n* Odn\u00edmate\u013en\u00fd \u0161t\u00edtok.<br \/>\n*K dispoz\u00edcii s\u00fa detsk\u00e9 ve\u013ekosti.<br \/>\n*K dispoz\u00edcii s\u00fa \u017eeny.<br \/>\n<img decoding=\"async\" src=\"https:\/\/static.gorfactory.es\/pics\/measures\/CA_MC_HO.jpg\" \/><\/p>","protected":false},"excerpt":{"rendered":"<p>Short-sleeve t-shirt with 4-layer crew neck and reinforced covered seams in collar and shoulders. Side seams. Composition: 100% cotton, single<\/p>","protected":false},"featured_media":20161,"comment_status":"open","ping_status":"closed","template":"","meta":[],"product_cat":[461,460],"product_tag":[],"class_list":{"0":"post-20160","1":"product","2":"type-product","3":"status-publish","4":"has-post-thumbnail","6":"product_cat-cam","7":"product_cat-tee-shirts","9":"first","10":"instock","11":"shipping-taxable","12":"purchasable","13":"product-type-variable"},"_links":{"self":[{"href":"https:\/\/www.promotio.sk\/sk\/wp-json\/wp\/v2\/product\/20160","targetHints":{"allow":["GET"]}}],"collection":[{"href":"https:\/\/www.promotio.sk\/sk\/wp-json\/wp\/v2\/product"}],"about":[{"href":"https:\/\/www.promotio.sk\/sk\/wp-json\/wp\/v2\/types\/product"}],"replies":[{"embeddable":true,"href":"https:\/\/www.promotio.sk\/sk\/wp-json\/wp\/v2\/comments?post=20160"}],"wp:featuredmedia":[{"embeddable":true,"href":"https:\/\/www.promotio.sk\/sk\/wp-json\/wp\/v2\/media\/20161"}],"wp:attachment":[{"href":"https:\/\/www.promotio.sk\/sk\/wp-json\/wp\/v2\/media?parent=20160"}],"wp:term":[{"taxonomy":"product_cat","embeddable":true,"href":"https:\/\/www.promotio.sk\/sk\/wp-json\/wp\/v2\/product_cat?post=20160"},{"taxonomy":"product_tag","embeddable":true,"href":"https:\/\/www.promotio.sk\/sk\/wp-json\/wp\/v2\/product_tag?post=20160"}],"curies":[{"name":"wp","href":"https:\/\/api.w.org\/{rel}","templated":true}]}}