{"id":19816,"date":"2024-03-10T15:26:47","date_gmt":"2024-03-10T14:26:47","guid":{"rendered":"https:\/\/www.promotio.sk\/shop\/nezaraden\u00e9\/extreme\/"},"modified":"2024-03-10T15:38:43","modified_gmt":"2024-03-10T14:38:43","slug":"extreme","status":"publish","type":"product","link":"https:\/\/www.promotio.sk\/sk\/shop\/promo-clothing\/tee-shirts\/cam_w\/extreme\/","title":{"rendered":"EXTR\u00c9MNY"},"content":{"rendered":"<p>Tri\u010dko s dlh\u00fdm ruk\u00e1vom z tubul\u00e1rnej l\u00e1tky a 4-vrstvov\u00fdm v\u00fdstrihom. Zosilnen\u00e9 kryt\u00e9 \u0161vy na golieri a ramen\u00e1ch. Bez man\u017eiet.<br \/>Zlo\u017eenie: bavlna 100%, single jersey, 160 gsm.<br \/>\nHeather \u0161ed\u00e1 58: 85% bavlna \/ 15% visk\u00f3za.<br \/>Pozn\u00e1mky: *Odn\u00edmate\u013en\u00fd \u0161t\u00edtok.<br \/>\n*Koncept duo.<br \/>\n*Trubkov\u00fd dizajn vo ve\u013ekostiach pre dospel\u00fdch a bo\u010dn\u00e9 \u0161vy v detsk\u00fdch ve\u013ekostiach.<br \/>\n<br \/><img decoding=\"async\" src=\"https:\/\/static.gorfactory.es\/pics\/measures\/CA_MC_HO.jpg\"><\/p>","protected":false},"excerpt":{"rendered":"<p>Long-sleeve t-shirt in tubular fabric and 4-layer crew neck. Reinforced covered seams in collar and shoulders. No cuffs.Composition: 100% cotton,<\/p>","protected":false},"featured_media":19817,"comment_status":"open","ping_status":"closed","template":"","meta":[],"product_cat":[462,460],"product_tag":[],"class_list":{"0":"post-19816","1":"product","2":"type-product","3":"status-publish","4":"has-post-thumbnail","6":"product_cat-cam_w","7":"product_cat-tee-shirts","9":"first","10":"instock","11":"shipping-taxable","12":"purchasable","13":"product-type-variable"},"_links":{"self":[{"href":"https:\/\/www.promotio.sk\/sk\/wp-json\/wp\/v2\/product\/19816","targetHints":{"allow":["GET"]}}],"collection":[{"href":"https:\/\/www.promotio.sk\/sk\/wp-json\/wp\/v2\/product"}],"about":[{"href":"https:\/\/www.promotio.sk\/sk\/wp-json\/wp\/v2\/types\/product"}],"replies":[{"embeddable":true,"href":"https:\/\/www.promotio.sk\/sk\/wp-json\/wp\/v2\/comments?post=19816"}],"wp:featuredmedia":[{"embeddable":true,"href":"https:\/\/www.promotio.sk\/sk\/wp-json\/wp\/v2\/media\/19817"}],"wp:attachment":[{"href":"https:\/\/www.promotio.sk\/sk\/wp-json\/wp\/v2\/media?parent=19816"}],"wp:term":[{"taxonomy":"product_cat","embeddable":true,"href":"https:\/\/www.promotio.sk\/sk\/wp-json\/wp\/v2\/product_cat?post=19816"},{"taxonomy":"product_tag","embeddable":true,"href":"https:\/\/www.promotio.sk\/sk\/wp-json\/wp\/v2\/product_tag?post=19816"}],"curies":[{"name":"wp","href":"https:\/\/api.w.org\/{rel}","templated":true}]}}