{"id":19691,"date":"2024-03-10T15:20:23","date_gmt":"2024-03-10T14:20:23","guid":{"rendered":"https:\/\/www.promotio.sk\/shop\/nezaraden\u00e9\/pointer\/"},"modified":"2024-03-10T15:26:42","modified_gmt":"2024-03-10T14:26:42","slug":"pointer","status":"publish","type":"product","link":"https:\/\/www.promotio.sk\/sk\/shop\/promo-clothing\/tee-shirts\/cam_w\/pointer\/","title":{"rendered":"POINTER"},"content":{"rendered":"<p>Tri\u010dko s dlh\u00fdm ruk\u00e1vom z tubul\u00e1rnej l\u00e1tky so 4-vrstvov\u00fdm v\u00fdstrihom a rebrovan\u00fdmi man\u017eetami 1\u00d71. Zosilnen\u00e9 kryt\u00e9 \u0161vy na golieri a ramen\u00e1ch.<br \/>Zlo\u017eenie: bavlna 100%, single jersey, 165 gsm.<br \/>\nHeather \u0161ed\u00e1 58: 85% bavlna \/ 15% visk\u00f3za.<br \/>Pozn\u00e1mky: *4XL k dispoz\u00edcii v n\u00e1morn\u00edckej 55.<br \/>\n* Odn\u00edmate\u013en\u00fd \u0161t\u00edtok.<br \/><img decoding=\"async\" src=\"https:\/\/static.gorfactory.es\/pics\/measures\/CA_MC_HO.jpg\"><\/p>","protected":false},"excerpt":{"rendered":"<p>Long-sleeve t-shirt in tubular fabric with 4-layer crew neck and 1&#215;1 ribbed cuffs. Reinforced covered seams in collar and shoulders.Composition:<\/p>","protected":false},"featured_media":19692,"comment_status":"open","ping_status":"closed","template":"","meta":[],"product_cat":[462,460],"product_tag":[],"class_list":{"0":"post-19691","1":"product","2":"type-product","3":"status-publish","4":"has-post-thumbnail","6":"product_cat-cam_w","7":"product_cat-tee-shirts","9":"first","10":"instock","11":"shipping-taxable","12":"purchasable","13":"product-type-variable"},"_links":{"self":[{"href":"https:\/\/www.promotio.sk\/sk\/wp-json\/wp\/v2\/product\/19691","targetHints":{"allow":["GET"]}}],"collection":[{"href":"https:\/\/www.promotio.sk\/sk\/wp-json\/wp\/v2\/product"}],"about":[{"href":"https:\/\/www.promotio.sk\/sk\/wp-json\/wp\/v2\/types\/product"}],"replies":[{"embeddable":true,"href":"https:\/\/www.promotio.sk\/sk\/wp-json\/wp\/v2\/comments?post=19691"}],"wp:featuredmedia":[{"embeddable":true,"href":"https:\/\/www.promotio.sk\/sk\/wp-json\/wp\/v2\/media\/19692"}],"wp:attachment":[{"href":"https:\/\/www.promotio.sk\/sk\/wp-json\/wp\/v2\/media?parent=19691"}],"wp:term":[{"taxonomy":"product_cat","embeddable":true,"href":"https:\/\/www.promotio.sk\/sk\/wp-json\/wp\/v2\/product_cat?post=19691"},{"taxonomy":"product_tag","embeddable":true,"href":"https:\/\/www.promotio.sk\/sk\/wp-json\/wp\/v2\/product_tag?post=19691"}],"curies":[{"name":"wp","href":"https:\/\/api.w.org\/{rel}","templated":true}]}}