{"id":19689,"date":"2024-03-10T15:20:18","date_gmt":"2024-03-10T14:20:18","guid":{"rendered":"https:\/\/www.promotio.sk\/shop\/nezaraden\u00e9\/terrier\/"},"modified":"2024-03-10T15:23:25","modified_gmt":"2024-03-10T14:23:25","slug":"terrier","status":"publish","type":"product","link":"https:\/\/www.promotio.sk\/sk\/shop\/promo-clothing\/tee-shirts\/cam\/terrier\/","title":{"rendered":"TERI\u00c9R"},"content":{"rendered":"<p>Tri\u010dko s kr\u00e1tkym ruk\u00e1vom zo \u0161ikmej vresovej l\u00e1tky. Pos\u00e1dkov\u00fd v\u00fdstrih z rovnakej l\u00e1tky a zdobenie prekr\u00ed\u017een\u00fdmi \u0161vami. Vn\u00fatorn\u00e9 kryt\u00e9 \u0161vy od ramena k ramenu na kontrast. Bo\u010dn\u00e9 \u0161vy zdoben\u00e9 ozdobou. Spodn\u00fd lem s bo\u010dn\u00fdmi rozparkami a vzorom na chrbte o nie\u010do dlh\u0161\u00ed ako predn\u00fd.<br \/>Zlo\u017eenie: 100% bavlna, 150 gsm.<br \/>Pozn\u00e1mky: * Odn\u00edmate\u013en\u00fd \u0161t\u00edtok.<br \/><img decoding=\"async\" src=\"https:\/\/static.gorfactory.es\/pics\/measures\/CA_MC_HO.jpg\"><\/p>","protected":false},"excerpt":{"rendered":"<p>Short-sleeve t-shirt in inclined heather fabric. Crew neck in the same fabric and crossed seam embellishment. Interior covered seams from<\/p>","protected":false},"featured_media":19690,"comment_status":"open","ping_status":"closed","template":"","meta":[],"product_cat":[461,460],"product_tag":[],"class_list":{"0":"post-19689","1":"product","2":"type-product","3":"status-publish","4":"has-post-thumbnail","6":"product_cat-cam","7":"product_cat-tee-shirts","9":"first","10":"instock","11":"shipping-taxable","12":"purchasable","13":"product-type-variable"},"_links":{"self":[{"href":"https:\/\/www.promotio.sk\/sk\/wp-json\/wp\/v2\/product\/19689","targetHints":{"allow":["GET"]}}],"collection":[{"href":"https:\/\/www.promotio.sk\/sk\/wp-json\/wp\/v2\/product"}],"about":[{"href":"https:\/\/www.promotio.sk\/sk\/wp-json\/wp\/v2\/types\/product"}],"replies":[{"embeddable":true,"href":"https:\/\/www.promotio.sk\/sk\/wp-json\/wp\/v2\/comments?post=19689"}],"wp:featuredmedia":[{"embeddable":true,"href":"https:\/\/www.promotio.sk\/sk\/wp-json\/wp\/v2\/media\/19690"}],"wp:attachment":[{"href":"https:\/\/www.promotio.sk\/sk\/wp-json\/wp\/v2\/media?parent=19689"}],"wp:term":[{"taxonomy":"product_cat","embeddable":true,"href":"https:\/\/www.promotio.sk\/sk\/wp-json\/wp\/v2\/product_cat?post=19689"},{"taxonomy":"product_tag","embeddable":true,"href":"https:\/\/www.promotio.sk\/sk\/wp-json\/wp\/v2\/product_tag?post=19689"}],"curies":[{"name":"wp","href":"https:\/\/api.w.org\/{rel}","templated":true}]}}