{"id":19550,"date":"2024-03-10T12:45:13","date_gmt":"2024-03-10T11:45:13","guid":{"rendered":"https:\/\/www.promotio.sk\/shop\/nezaraden\u00e9\/star\/"},"modified":"2024-03-10T13:04:53","modified_gmt":"2024-03-10T12:04:53","slug":"star","status":"publish","type":"product","link":"https:\/\/www.promotio.sk\/sk\/shop\/pol_s\/shorts-sleeve\/star\/","title":{"rendered":"HVIEZDA"},"content":{"rendered":"<p>P\u00e1nska poloko\u0161e\u013ea s kr\u00e1tkym ruk\u00e1vom. Zosilnen\u00e9 kryt\u00e9 \u0161vy vo vn\u00fatornom golieri. 1\u00d71 rebrovan\u00e9 man\u017eety a golier. Bo\u010dn\u00e9 \u0161vy. Zap\u00ednanie na 3 gomb\u00edky a bo\u010dn\u00e9 rozparky.<br \/>Zlo\u017eenie: 100% bavlna, pik\u00e9, 200 g\/m2.<br \/>\nHeather \u0161ed\u00e1 58: 85% bavlna, \/ 15% visk\u00f3za.<br \/>Pozn\u00e1mky: *Volite\u013en\u00e9 vrecko.<br \/>\n* Odn\u00edmate\u013en\u00fd \u0161t\u00edtok.<br \/>\n*Koncept duo.<br \/>\n*K dispoz\u00edcii s\u00fa detsk\u00e9 ve\u013ekosti.<br \/><img decoding=\"async\" src=\"https:\/\/static.gorfactory.es\/pics\/measures\/PO_MC_HO.jpg\"><\/p>","protected":false},"excerpt":{"rendered":"<p>Short-sleeve polo shirt for men. Reinforced covered seams in interior collar. 1&#215;1 ribbed cuffs and collar. Side seams. 3-button placket<\/p>","protected":false},"featured_media":19553,"comment_status":"open","ping_status":"closed","template":"","meta":[],"product_cat":[434,435],"product_tag":[],"class_list":{"0":"post-19550","1":"product","2":"type-product","3":"status-publish","4":"has-post-thumbnail","6":"product_cat-pol_s","7":"product_cat-shorts-sleeve","9":"first","10":"instock","11":"shipping-taxable","12":"purchasable","13":"product-type-variable"},"_links":{"self":[{"href":"https:\/\/www.promotio.sk\/sk\/wp-json\/wp\/v2\/product\/19550","targetHints":{"allow":["GET"]}}],"collection":[{"href":"https:\/\/www.promotio.sk\/sk\/wp-json\/wp\/v2\/product"}],"about":[{"href":"https:\/\/www.promotio.sk\/sk\/wp-json\/wp\/v2\/types\/product"}],"replies":[{"embeddable":true,"href":"https:\/\/www.promotio.sk\/sk\/wp-json\/wp\/v2\/comments?post=19550"}],"wp:featuredmedia":[{"embeddable":true,"href":"https:\/\/www.promotio.sk\/sk\/wp-json\/wp\/v2\/media\/19553"}],"wp:attachment":[{"href":"https:\/\/www.promotio.sk\/sk\/wp-json\/wp\/v2\/media?parent=19550"}],"wp:term":[{"taxonomy":"product_cat","embeddable":true,"href":"https:\/\/www.promotio.sk\/sk\/wp-json\/wp\/v2\/product_cat?post=19550"},{"taxonomy":"product_tag","embeddable":true,"href":"https:\/\/www.promotio.sk\/sk\/wp-json\/wp\/v2\/product_tag?post=19550"}],"curies":[{"name":"wp","href":"https:\/\/api.w.org\/{rel}","templated":true}]}}