{"id":19339,"date":"2024-03-10T12:33:32","date_gmt":"2024-03-10T11:33:32","guid":{"rendered":"https:\/\/www.promotio.sk\/shop\/nezaraden\u00e9\/estrella-woman-l-s\/"},"modified":"2024-03-10T12:45:11","modified_gmt":"2024-03-10T11:45:11","slug":"estrella-woman-l-s","status":"publish","type":"product","link":"https:\/\/www.promotio.sk\/sk\/shop\/pol_s\/long-sleeve\/estrella-woman-l-s\/","title":{"rendered":"ESTRELLA \u017dENA L\/S"},"content":{"rendered":"<p>Poloko\u0161e\u013ea s dlh\u00fdm ruk\u00e1vom, rebrovan\u00fdm golierom a man\u017eetami, l\u00e9gou na 3 gomb\u00edky a elastanov\u00fdmi 1\u00d71 rebrovan\u00fdmi man\u017eetami. Zosilnen\u00e9 kryt\u00e9 \u0161vy v golieri. Slim-fit.<\/p>\n<p>Zlo\u017eenie: 100% bavlna. Piqu\u00e9, 220 gsm.<br \/>\nHeather \u0161ed\u00e1 58: 85% bavlna \/ 15% visk\u00f3za.<br \/>Pozn\u00e1mky: *Odn\u00edmate\u013en\u00fd \u0161t\u00edtok.<br \/>\n*Koncept duo.<br \/><img decoding=\"async\" src=\"https:\/\/static.gorfactory.es\/pics\/measures\/PO_MC_MU.jpg\"><\/p>","protected":false},"excerpt":{"rendered":"<p>Poloko\u0161e\u013ea s dlh\u00fdm ruk\u00e1vom, rebrovan\u00fdm golierom a man\u017eetami, l\u00e9gou na 3 gomb\u00edky a elastanov\u00fdmi 1\u00d71 rebrovan\u00fdmi man\u017eetami. Zosilnen\u00e9 kryt\u00e9 \u0161vy v golieri.<\/p>","protected":false},"featured_media":19340,"comment_status":"open","ping_status":"closed","template":"","meta":[],"product_cat":[438,434],"product_tag":[],"class_list":{"0":"post-19339","1":"product","2":"type-product","3":"status-publish","4":"has-post-thumbnail","6":"product_cat-long-sleeve","7":"product_cat-pol_s","9":"first","10":"instock","11":"shipping-taxable","12":"purchasable","13":"product-type-variable"},"_links":{"self":[{"href":"https:\/\/www.promotio.sk\/sk\/wp-json\/wp\/v2\/product\/19339","targetHints":{"allow":["GET"]}}],"collection":[{"href":"https:\/\/www.promotio.sk\/sk\/wp-json\/wp\/v2\/product"}],"about":[{"href":"https:\/\/www.promotio.sk\/sk\/wp-json\/wp\/v2\/types\/product"}],"replies":[{"embeddable":true,"href":"https:\/\/www.promotio.sk\/sk\/wp-json\/wp\/v2\/comments?post=19339"}],"wp:featuredmedia":[{"embeddable":true,"href":"https:\/\/www.promotio.sk\/sk\/wp-json\/wp\/v2\/media\/19340"}],"wp:attachment":[{"href":"https:\/\/www.promotio.sk\/sk\/wp-json\/wp\/v2\/media?parent=19339"}],"wp:term":[{"taxonomy":"product_cat","embeddable":true,"href":"https:\/\/www.promotio.sk\/sk\/wp-json\/wp\/v2\/product_cat?post=19339"},{"taxonomy":"product_tag","embeddable":true,"href":"https:\/\/www.promotio.sk\/sk\/wp-json\/wp\/v2\/product_tag?post=19339"}],"curies":[{"name":"wp","href":"https:\/\/api.w.org\/{rel}","templated":true}]}}