{"id":18785,"date":"2024-03-10T11:41:06","date_gmt":"2024-03-10T10:41:06","guid":{"rendered":"https:\/\/www.promotio.sk\/shop\/nezaraden\u00e9\/tyler\/"},"modified":"2024-03-10T11:46:12","modified_gmt":"2024-03-10T10:46:12","slug":"tyler","status":"publish","type":"product","link":"https:\/\/www.promotio.sk\/sk\/shop\/pol_s\/shorts-sleeve\/tyler\/","title":{"rendered":"TYLER"},"content":{"rendered":"<p>Poloko\u0161e\u013ea s kr\u00e1tkym ruk\u00e1vom z jednoduch\u00e9ho d\u017eerseja. 1\u00d71 rebrovan\u00fd golier a lemovanie ruk\u00e1vov. Zap\u00ednanie na 1 gomb\u00edk. Zosilnen\u00e9 kryt\u00e9 \u0161vy v golieri. Bo\u010dn\u00e9 rozparky na leme. Farebn\u00fd kontrastn\u00fd detail rybej kosti na man\u017eet\u00e1ch a golieri. Logo Roly ladiace s vn\u00fatornou l\u00e1tkou.<br \/>Zlo\u017eenie: 100% bavlna, 210 gsm.<br \/>Pozn\u00e1mky: * Odn\u00edmate\u013en\u00fd \u0161t\u00edtok.<br \/><img decoding=\"async\" src=\"https:\/\/static.gorfactory.es\/pics\/measures\/PO_MC_HO.jpg\"><\/p>","protected":false},"excerpt":{"rendered":"<p>Short-sleeve polo shirt in single jersey. 1&#215;1 ribbed collar and sleeves edging. 1-button placket. Reinforced covered seams in collar. Side<\/p>","protected":false},"featured_media":18786,"comment_status":"open","ping_status":"closed","template":"","meta":[],"product_cat":[434,435],"product_tag":[],"class_list":{"0":"post-18785","1":"product","2":"type-product","3":"status-publish","4":"has-post-thumbnail","6":"product_cat-pol_s","7":"product_cat-shorts-sleeve","9":"first","10":"instock","11":"shipping-taxable","12":"purchasable","13":"product-type-variable"},"_links":{"self":[{"href":"https:\/\/www.promotio.sk\/sk\/wp-json\/wp\/v2\/product\/18785","targetHints":{"allow":["GET"]}}],"collection":[{"href":"https:\/\/www.promotio.sk\/sk\/wp-json\/wp\/v2\/product"}],"about":[{"href":"https:\/\/www.promotio.sk\/sk\/wp-json\/wp\/v2\/types\/product"}],"replies":[{"embeddable":true,"href":"https:\/\/www.promotio.sk\/sk\/wp-json\/wp\/v2\/comments?post=18785"}],"wp:featuredmedia":[{"embeddable":true,"href":"https:\/\/www.promotio.sk\/sk\/wp-json\/wp\/v2\/media\/18786"}],"wp:attachment":[{"href":"https:\/\/www.promotio.sk\/sk\/wp-json\/wp\/v2\/media?parent=18785"}],"wp:term":[{"taxonomy":"product_cat","embeddable":true,"href":"https:\/\/www.promotio.sk\/sk\/wp-json\/wp\/v2\/product_cat?post=18785"},{"taxonomy":"product_tag","embeddable":true,"href":"https:\/\/www.promotio.sk\/sk\/wp-json\/wp\/v2\/product_tag?post=18785"}],"curies":[{"name":"wp","href":"https:\/\/api.w.org\/{rel}","templated":true}]}}