{"id":18459,"date":"2024-03-10T11:24:11","date_gmt":"2024-03-10T10:24:11","guid":{"rendered":"https:\/\/www.promotio.sk\/shop\/nezaraden\u00e9\/carpe\/"},"modified":"2024-03-10T11:28:16","modified_gmt":"2024-03-10T10:28:16","slug":"carpe","status":"publish","type":"product","link":"https:\/\/www.promotio.sk\/sk\/shop\/pol_s\/long-sleeve\/carpe\/","title":{"rendered":"CARPE"},"content":{"rendered":"<p>Poloko\u0161e\u013ea s dlh\u00fdm ruk\u00e1vom a rebrovan\u00fdm golierom a man\u017eetami. Elastan 1\u00d71 rebrovan\u00e9 man\u017eety a zosilnen\u00e9 kryt\u00e9 \u0161vy v golieri. Zap\u00ednanie na 3 gomb\u00edky a bo\u010dn\u00e9 rozparky.<br \/>Zlo\u017eenie: 65% polyester \/ 35% bavlnen\u00e9 pik\u00e9, 220 g\/m2. <br \/>Pozn\u00e1mky: *Navy farba 55 dostupn\u00e1 v \u0161iestich XXXL.<br \/>\n* Volite\u013en\u00e9 vrecko.<br \/>\n* Odn\u00edmate\u013en\u00fd \u0161t\u00edtok.<br \/><img decoding=\"async\" src=\"https:\/\/static.gorfactory.es\/pics\/measures\/PO_MC_HO.jpg\"><\/p>","protected":false},"excerpt":{"rendered":"<p>Long-sleeve polo shirt with ribbed collar and cuffs. Elastane 1&#215;1 ribbed cuffs and reinforced covered seams in collar. 3-button placket<\/p>","protected":false},"featured_media":18460,"comment_status":"open","ping_status":"closed","template":"","meta":[],"product_cat":[438,434],"product_tag":[],"class_list":{"0":"post-18459","1":"product","2":"type-product","3":"status-publish","4":"has-post-thumbnail","6":"product_cat-long-sleeve","7":"product_cat-pol_s","9":"first","10":"instock","11":"shipping-taxable","12":"purchasable","13":"product-type-variable"},"_links":{"self":[{"href":"https:\/\/www.promotio.sk\/sk\/wp-json\/wp\/v2\/product\/18459","targetHints":{"allow":["GET"]}}],"collection":[{"href":"https:\/\/www.promotio.sk\/sk\/wp-json\/wp\/v2\/product"}],"about":[{"href":"https:\/\/www.promotio.sk\/sk\/wp-json\/wp\/v2\/types\/product"}],"replies":[{"embeddable":true,"href":"https:\/\/www.promotio.sk\/sk\/wp-json\/wp\/v2\/comments?post=18459"}],"wp:featuredmedia":[{"embeddable":true,"href":"https:\/\/www.promotio.sk\/sk\/wp-json\/wp\/v2\/media\/18460"}],"wp:attachment":[{"href":"https:\/\/www.promotio.sk\/sk\/wp-json\/wp\/v2\/media?parent=18459"}],"wp:term":[{"taxonomy":"product_cat","embeddable":true,"href":"https:\/\/www.promotio.sk\/sk\/wp-json\/wp\/v2\/product_cat?post=18459"},{"taxonomy":"product_tag","embeddable":true,"href":"https:\/\/www.promotio.sk\/sk\/wp-json\/wp\/v2\/product_tag?post=18459"}],"curies":[{"name":"wp","href":"https:\/\/api.w.org\/{rel}","templated":true}]}}