{"id":18425,"date":"2024-03-10T11:22:17","date_gmt":"2024-03-10T10:22:17","guid":{"rendered":"https:\/\/www.promotio.sk\/shop\/nezaraden\u00e9\/planet\/"},"modified":"2024-03-10T21:46:07","modified_gmt":"2024-03-10T20:46:07","slug":"planet","status":"publish","type":"product","link":"https:\/\/www.promotio.sk\/sk\/shop\/promo-clothing\/visor-caps-hats\/hats\/planet\/","title":{"rendered":"PLANET"},"content":{"rendered":"<p>Pleten\u00e1 \u010diapka s dvojit\u00fdm vyhrnut\u00edm, \u0161peci\u00e1lna na vy\u0161\u00edvanie. 100% akryl. Odn\u00edmate\u013en\u00fd \u0161t\u00edtok.<br \/>Zlo\u017eenie: 100% akryl. Hmotnos\u0165: 40 gr.<br \/>Pozn\u00e1mky: \u0160peci\u00e1lne na vy\u0161\u00edvanie.<br \/>\n* Odn\u00edmate\u013en\u00fd \u0161t\u00edtok.<br \/>\n* Minim\u00e1lna predajn\u00e1 jednotka \u2013 kompletn\u00e9 balenie.<\/p>","protected":false},"excerpt":{"rendered":"<p>Knitted beanie with double turn-up, special for embroidery. 100% acrylic. Removable label.Composition: 100% acrylic. Weight: 40 gr.Remarks: Special for embroidery.<\/p>","protected":false},"featured_media":18426,"comment_status":"open","ping_status":"closed","template":"","meta":[],"product_cat":[377,23,431],"product_tag":[],"class_list":{"0":"post-18425","1":"product","2":"type-product","3":"status-publish","4":"has-post-thumbnail","6":"product_cat-hats","7":"product_cat-promo-clothing","8":"product_cat-visor-caps-hats","10":"first","11":"instock","12":"shipping-taxable","13":"purchasable","14":"product-type-variable"},"_links":{"self":[{"href":"https:\/\/www.promotio.sk\/sk\/wp-json\/wp\/v2\/product\/18425","targetHints":{"allow":["GET"]}}],"collection":[{"href":"https:\/\/www.promotio.sk\/sk\/wp-json\/wp\/v2\/product"}],"about":[{"href":"https:\/\/www.promotio.sk\/sk\/wp-json\/wp\/v2\/types\/product"}],"replies":[{"embeddable":true,"href":"https:\/\/www.promotio.sk\/sk\/wp-json\/wp\/v2\/comments?post=18425"}],"wp:featuredmedia":[{"embeddable":true,"href":"https:\/\/www.promotio.sk\/sk\/wp-json\/wp\/v2\/media\/18426"}],"wp:attachment":[{"href":"https:\/\/www.promotio.sk\/sk\/wp-json\/wp\/v2\/media?parent=18425"}],"wp:term":[{"taxonomy":"product_cat","embeddable":true,"href":"https:\/\/www.promotio.sk\/sk\/wp-json\/wp\/v2\/product_cat?post=18425"},{"taxonomy":"product_tag","embeddable":true,"href":"https:\/\/www.promotio.sk\/sk\/wp-json\/wp\/v2\/product_tag?post=18425"}],"curies":[{"name":"wp","href":"https:\/\/api.w.org\/{rel}","templated":true}]}}